{"id":3745,"date":"2023-05-10T17:43:34","date_gmt":"2023-05-10T15:43:34","guid":{"rendered":"https:\/\/unizic.com\/?page_id=3745"},"modified":"2023-06-21T16:59:16","modified_gmt":"2023-06-21T14:59:16","slug":"trouver-professeur","status":"publish","type":"page","link":"https:\/\/unizic.com\/en\/trouver-professeur\/","title":{"rendered":"Find your teacher"},"content":{"rendered":"<div data-elementor-type=\"wp-page\" data-elementor-id=\"3745\" class=\"elementor elementor-3745\">\n\t\t\t\t\t\t\t\t\t<section class=\"elementor-section elementor-top-section elementor-element elementor-element-d91b5a3 elementor-section-content-middle elementor-section-boxed elementor-section-height-default elementor-section-height-default\" data-id=\"d91b5a3\" data-element_type=\"section\" data-settings=\"{&quot;background_background&quot;:&quot;classic&quot;}\">\n\t\t\t\t\t\t<div class=\"elementor-container elementor-column-gap-default\">\n\t\t\t\t\t<div class=\"elementor-column elementor-col-50 elementor-top-column elementor-element elementor-element-d35b7c5\" data-id=\"d35b7c5\" data-element_type=\"column\">\n\t\t\t<div class=\"elementor-widget-wrap elementor-element-populated\">\n\t\t\t\t\t\t\t\t<div class=\"elementor-element elementor-element-a0eca95 elementor-widget elementor-widget-heading\" data-id=\"a0eca95\" data-element_type=\"widget\" data-widget_type=\"heading.default\">\n\t\t\t\t<div class=\"elementor-widget-container\">\n\t\t\t<h2 class=\"elementor-heading-title elementor-size-default\">FIND YOUR TEACHER<\/h2>\t\t<\/div>\n\t\t\t\t<\/div>\n\t\t\t\t<div class=\"elementor-element elementor-element-6073762 elementor-widget elementor-widget-heading\" data-id=\"6073762\" data-element_type=\"widget\" data-widget_type=\"heading.default\">\n\t\t\t\t<div class=\"elementor-widget-container\">\n\t\t\t<h4 class=\"elementor-heading-title elementor-size-default\"><p>Unizic vous aide \u00e0 trouver le meilleur professeur pour vous gr\u00e2ce au matching. Plus votre demande sera pr\u00e9cise et plus le professeur propos\u00e9 correspondra \u00e0 vos attentes !<span style=\"color: var( --e-global-color-3c831b2 ); background-color: var( --e-global-color-ddc9c7e );\"><\/span><\/p><\/h4>\t\t<\/div>\n\t\t\t\t<\/div>\n\t\t\t\t\t<\/div>\n\t\t<\/div>\n\t\t\t\t<div class=\"elementor-column elementor-col-50 elementor-top-column elementor-element elementor-element-c2f3909 elementor-hidden-mobile elementor-hidden-tablet\" data-id=\"c2f3909\" data-element_type=\"column\">\n\t\t\t<div class=\"elementor-widget-wrap\">\n\t\t\t\t\t\t\t\t\t<\/div>\n\t\t<\/div>\n\t\t\t\t\t\t\t<\/div>\n\t\t<\/section>\n\t\t\t\t<section class=\"elementor-section elementor-top-section elementor-element elementor-element-2209608 elementor-section-full_width elementor-section-height-default elementor-section-height-default\" data-id=\"2209608\" data-element_type=\"section\">\n\t\t\t\t\t\t<div class=\"elementor-container elementor-column-gap-no\">\n\t\t\t\t\t<div class=\"elementor-column elementor-col-100 elementor-top-column elementor-element elementor-element-c0e8965\" data-id=\"c0e8965\" data-element_type=\"column\">\n\t\t\t<div class=\"elementor-widget-wrap elementor-element-populated\">\n\t\t\t\t\t\t\t\t<div class=\"elementor-element elementor-element-a880dac elementor-widget elementor-widget-shortcode\" data-id=\"a880dac\" data-element_type=\"widget\" data-widget_type=\"shortcode.default\">\n\t\t\t\t<div class=\"elementor-widget-container\">\n\t\t\t\t\t<div class=\"elementor-shortcode\"><div >\n    <iframe\n    id=\"iframe\"\n    src=\"https:\/\/app.unizic.com\/teacher\/find\/results?inIframe=true\"\n    height=\"500px\"\n    ><\/iframe>\n<\/div>\n<script>\n   function resizeCrossDomainIframe(id, other_domain) {\n    var iframe = document.getElementById(id);\n    window.addEventListener('message', function(event) {\n        if (event.origin !== other_domain) return; \/\/ only accept messages from the specified domain\n        if(event.data.resize && !isNaN(event.data.resize)) { \/\/ message to resize\n            var height = parseInt(event.data.resize);\n            iframe.height = `${height}px`;\n        } else if(event.data.modal && showContent && showModal) {\n            showContent(event.data.modal);\n            showModal();\n        } else if(event.data.teacher) {\n            window.location.href = `\/teacher\/${event.data.teacher}`;\n        } else if(event.data.redirect) {\n            window.location.href = event.data.redirect;\n        }\n    }, false);\n  }\n  resizeCrossDomainIframe('iframe', 'https:\/\/app.unizic.com')\n\n<\/script><\/div>\n\t\t\t\t<\/div>\n\t\t\t\t<\/div>\n\t\t\t\t\t<\/div>\n\t\t<\/div>\n\t\t\t\t\t\t\t<\/div>\n\t\t<\/section>\n\t\t\t\t\t\t\t<\/div>","protected":false},"excerpt":{"rendered":"<p>Trouver un professeur Unizic vous aide \u00e0 trouver le meilleur professeur pour vous gr\u00e2ce au matching. Plus votre demande sera pr\u00e9cise et plus le professeur propos\u00e9 correspondra \u00e0 vos attentes !<\/p>","protected":false},"author":32,"featured_media":0,"parent":0,"menu_order":0,"comment_status":"closed","ping_status":"closed","template":"templates\/tpl_red_white_menu.php","meta":[],"folder":[],"yoast_head":"<!-- This site is optimized with the Yoast SEO plugin v20.12 - https:\/\/yoast.com\/wordpress\/plugins\/seo\/ -->\n<title>Trouver professeur - Unizic<\/title>\n<meta name=\"robots\" content=\"index, follow, max-snippet:-1, max-image-preview:large, max-video-preview:-1\" \/>\n<link rel=\"canonical\" href=\"https:\/\/unizic.com\/en\/trouver-professeur\/\" \/>\n<meta property=\"og:locale\" content=\"en_US\" \/>\n<meta property=\"og:type\" content=\"article\" \/>\n<meta property=\"og:title\" content=\"Trouver professeur - Unizic\" \/>\n<meta property=\"og:description\" content=\"Trouver un professeur Unizic vous aide \u00e0 trouver le meilleur professeur pour vous gr\u00e2ce au matching. Plus votre demande sera pr\u00e9cise et plus le professeur propos\u00e9 correspondra \u00e0 vos attentes !\" \/>\n<meta property=\"og:url\" content=\"https:\/\/unizic.com\/en\/trouver-professeur\/\" \/>\n<meta property=\"og:site_name\" content=\"Unizic\" \/>\n<meta property=\"article:publisher\" content=\"https:\/\/www.facebook.com\/unizic\" \/>\n<meta property=\"article:modified_time\" content=\"2023-06-21T14:59:16+00:00\" \/>\n<meta property=\"og:image\" content=\"https:\/\/unizic.com\/wp-content\/uploads\/2019\/03\/logo_unizic_green.png\" \/>\n\t<meta property=\"og:image:width\" content=\"517\" \/>\n\t<meta property=\"og:image:height\" content=\"362\" \/>\n\t<meta property=\"og:image:type\" content=\"image\/png\" \/>\n<meta name=\"twitter:card\" content=\"summary_large_image\" \/>\n<meta name=\"twitter:label1\" content=\"Est. reading time\" \/>\n\t<meta name=\"twitter:data1\" content=\"1 minute\" \/>\n<script type=\"application\/ld+json\" class=\"yoast-schema-graph\">{\"@context\":\"https:\/\/schema.org\",\"@graph\":[{\"@type\":\"WebPage\",\"@id\":\"https:\/\/unizic.com\/trouver-professeur\/\",\"url\":\"https:\/\/unizic.com\/trouver-professeur\/\",\"name\":\"Trouver professeur - Unizic\",\"isPartOf\":{\"@id\":\"https:\/\/unizic.com\/fr\/#website\"},\"datePublished\":\"2023-05-10T15:43:34+00:00\",\"dateModified\":\"2023-06-21T14:59:16+00:00\",\"breadcrumb\":{\"@id\":\"https:\/\/unizic.com\/trouver-professeur\/#breadcrumb\"},\"inLanguage\":\"en-US\",\"potentialAction\":[{\"@type\":\"ReadAction\",\"target\":[\"https:\/\/unizic.com\/trouver-professeur\/\"]}]},{\"@type\":\"BreadcrumbList\",\"@id\":\"https:\/\/unizic.com\/trouver-professeur\/#breadcrumb\",\"itemListElement\":[{\"@type\":\"ListItem\",\"position\":1,\"name\":\"Home\",\"item\":\"https:\/\/unizic.com\/\"},{\"@type\":\"ListItem\",\"position\":2,\"name\":\"Trouver professeur\"}]},{\"@type\":\"WebSite\",\"@id\":\"https:\/\/unizic.com\/fr\/#website\",\"url\":\"https:\/\/unizic.com\/fr\/\",\"name\":\"Unizic\",\"description\":\"La premi\u00e8re communaut\u00e9 de musiciens d\u00e9di\u00e9e \u00e0 l\u2019apprentissage de la musique !\",\"potentialAction\":[{\"@type\":\"SearchAction\",\"target\":{\"@type\":\"EntryPoint\",\"urlTemplate\":\"https:\/\/unizic.com\/fr\/?s={search_term_string}\"},\"query-input\":\"required name=search_term_string\"}],\"inLanguage\":\"en-US\"}]}<\/script>\n<!-- \/ Yoast SEO plugin. -->","yoast_head_json":{"title":"Trouver professeur - Unizic","robots":{"index":"index","follow":"follow","max-snippet":"max-snippet:-1","max-image-preview":"max-image-preview:large","max-video-preview":"max-video-preview:-1"},"canonical":"https:\/\/unizic.com\/en\/trouver-professeur\/","og_locale":"en_US","og_type":"article","og_title":"Trouver professeur - Unizic","og_description":"Trouver un professeur Unizic vous aide \u00e0 trouver le meilleur professeur pour vous gr\u00e2ce au matching. Plus votre demande sera pr\u00e9cise et plus le professeur propos\u00e9 correspondra \u00e0 vos attentes !","og_url":"https:\/\/unizic.com\/en\/trouver-professeur\/","og_site_name":"Unizic","article_publisher":"https:\/\/www.facebook.com\/unizic","article_modified_time":"2023-06-21T14:59:16+00:00","og_image":[{"width":517,"height":362,"url":"https:\/\/unizic.com\/wp-content\/uploads\/2019\/03\/logo_unizic_green.png","type":"image\/png"}],"twitter_card":"summary_large_image","twitter_misc":{"Est. reading time":"1 minute"},"schema":{"@context":"https:\/\/schema.org","@graph":[{"@type":"WebPage","@id":"https:\/\/unizic.com\/trouver-professeur\/","url":"https:\/\/unizic.com\/trouver-professeur\/","name":"Trouver professeur - Unizic","isPartOf":{"@id":"https:\/\/unizic.com\/fr\/#website"},"datePublished":"2023-05-10T15:43:34+00:00","dateModified":"2023-06-21T14:59:16+00:00","breadcrumb":{"@id":"https:\/\/unizic.com\/trouver-professeur\/#breadcrumb"},"inLanguage":"en-US","potentialAction":[{"@type":"ReadAction","target":["https:\/\/unizic.com\/trouver-professeur\/"]}]},{"@type":"BreadcrumbList","@id":"https:\/\/unizic.com\/trouver-professeur\/#breadcrumb","itemListElement":[{"@type":"ListItem","position":1,"name":"Home","item":"https:\/\/unizic.com\/"},{"@type":"ListItem","position":2,"name":"Trouver professeur"}]},{"@type":"WebSite","@id":"https:\/\/unizic.com\/fr\/#website","url":"https:\/\/unizic.com\/fr\/","name":"Unizic","description":"La premi\u00e8re communaut\u00e9 de musiciens d\u00e9di\u00e9e \u00e0 l\u2019apprentissage de la musique !","potentialAction":[{"@type":"SearchAction","target":{"@type":"EntryPoint","urlTemplate":"https:\/\/unizic.com\/fr\/?s={search_term_string}"},"query-input":"required name=search_term_string"}],"inLanguage":"en-US"}]}},"_links":{"self":[{"href":"https:\/\/unizic.com\/en\/wp-json\/wp\/v2\/pages\/3745"}],"collection":[{"href":"https:\/\/unizic.com\/en\/wp-json\/wp\/v2\/pages"}],"about":[{"href":"https:\/\/unizic.com\/en\/wp-json\/wp\/v2\/types\/page"}],"author":[{"embeddable":true,"href":"https:\/\/unizic.com\/en\/wp-json\/wp\/v2\/users\/32"}],"replies":[{"embeddable":true,"href":"https:\/\/unizic.com\/en\/wp-json\/wp\/v2\/comments?post=3745"}],"version-history":[{"count":16,"href":"https:\/\/unizic.com\/en\/wp-json\/wp\/v2\/pages\/3745\/revisions"}],"predecessor-version":[{"id":4274,"href":"https:\/\/unizic.com\/en\/wp-json\/wp\/v2\/pages\/3745\/revisions\/4274"}],"wp:attachment":[{"href":"https:\/\/unizic.com\/en\/wp-json\/wp\/v2\/media?parent=3745"}],"wp:term":[{"taxonomy":"folder","embeddable":true,"href":"https:\/\/unizic.com\/en\/wp-json\/wp\/v2\/folder?post=3745"}],"curies":[{"name":"wp","href":"https:\/\/api.w.org\/{rel}","templated":true}]}}