{"id":4885,"date":"2023-08-10T14:22:05","date_gmt":"2023-08-10T12:22:05","guid":{"rendered":"https:\/\/unizic.com\/?page_id=4885"},"modified":"2023-08-10T15:18:37","modified_gmt":"2023-08-10T13:18:37","slug":"teacher","status":"publish","type":"page","link":"https:\/\/unizic.com\/en\/teacher\/","title":{"rendered":"Professeur"},"content":{"rendered":"<div data-elementor-type=\"wp-page\" data-elementor-id=\"4885\" class=\"elementor elementor-4885\">\n\t\t\t\t\t\t\t\t\t<section class=\"elementor-section elementor-top-section elementor-element elementor-element-1ef7399 elementor-section-boxed elementor-section-height-default elementor-section-height-default\" data-id=\"1ef7399\" data-element_type=\"section\">\n\t\t\t\t\t\t<div class=\"elementor-container elementor-column-gap-default\">\n\t\t\t\t\t<div class=\"elementor-column elementor-col-100 elementor-top-column elementor-element elementor-element-ea68971\" data-id=\"ea68971\" data-element_type=\"column\">\n\t\t\t<div class=\"elementor-widget-wrap elementor-element-populated\">\n\t\t\t\t\t\t\t\t<div class=\"elementor-element elementor-element-5a51adf elementor-widget elementor-widget-shortcode\" data-id=\"5a51adf\" data-element_type=\"widget\" data-widget_type=\"shortcode.default\">\n\t\t\t\t<div class=\"elementor-widget-container\">\n\t\t\t\t\t<div class=\"elementor-shortcode\"><style>.elementor-4893 .elementor-element.elementor-element-7078b6db{transition:background 0.3s, border 0.3s, border-radius 0.3s, box-shadow 0.3s;margin-top:0px;margin-bottom:100px;}.elementor-4893 .elementor-element.elementor-element-7078b6db > .elementor-background-overlay{transition:background 0.3s, border-radius 0.3s, opacity 0.3s;}.elementor-4893 .elementor-element.elementor-element-2bd9cbcb > .elementor-element-populated{transition:background 0.3s, border 0.3s, border-radius 0.3s, box-shadow 0.3s;}.elementor-4893 .elementor-element.elementor-element-2bd9cbcb > .elementor-element-populated > .elementor-background-overlay{transition:background 0.3s, border-radius 0.3s, opacity 0.3s;}.elementor-4893 .elementor-element.elementor-element-a5a5604{font-family:\"Inter-Bold\", Sans-serif;font-weight:400;}.elementor-4893 .elementor-element.elementor-element-3b1f183f .elementor-heading-title{font-family:\"Noyh-Bold\", Sans-serif;font-weight:600;}.elementor-4893 .elementor-element.elementor-element-cd98426{font-family:\"Noyh-Medium\", Sans-serif;font-size:22px;font-weight:400;}.elementor-4893 .elementor-element.elementor-element-7e17382 .elementor-button{font-family:\"Inter-Medium\", Sans-serif;font-weight:500;fill:var( --e-global-color-3c831b2 );color:var( --e-global-color-3c831b2 );background-color:var( --e-global-color-primary );}.elementor-4893 .elementor-element.elementor-element-ba04e04{font-family:\"Noyh-Medium\", Sans-serif;font-size:22px;font-weight:400;}.elementor-4893 .elementor-element.elementor-element-7f712a8d img{width:260px;}@media(min-width:768px){.elementor-4893 .elementor-element.elementor-element-2bd9cbcb{width:59.863%;}.elementor-4893 .elementor-element.elementor-element-5347c82f{width:40.069%;}}<\/style>\t\t<div data-elementor-type=\"section\" data-elementor-id=\"4893\" class=\"elementor elementor-4893\">\n\t\t\t\t\t\t\t\t\t<section class=\"elementor-section elementor-top-section elementor-element elementor-element-7078b6db elementor-section-boxed elementor-section-height-default elementor-section-height-default\" data-id=\"7078b6db\" data-element_type=\"section\" data-settings=\"{&quot;background_background&quot;:&quot;classic&quot;}\">\n\t\t\t\t\t\t<div class=\"elementor-container elementor-column-gap-default\">\n\t\t\t\t\t<div class=\"elementor-column elementor-col-50 elementor-top-column elementor-element elementor-element-2bd9cbcb\" data-id=\"2bd9cbcb\" data-element_type=\"column\" data-settings=\"{&quot;background_background&quot;:&quot;classic&quot;}\">\n\t\t\t<div class=\"elementor-widget-wrap elementor-element-populated\">\n\t\t\t\t\t\t\t\t<div class=\"elementor-element elementor-element-a5a5604 elementor-widget elementor-widget-text-editor\" data-id=\"a5a5604\" data-element_type=\"widget\" data-widget_type=\"text-editor.default\">\n\t\t\t\t<div class=\"elementor-widget-container\">\n\t\t\t\t\t\t\t<h4 class=\"elementor-heading-title elementor-size-default elementor-inline-editing pen\" contenteditable=\"true\" data-elementor-setting-key=\"title\" data-pen-placeholder=\"\u00c9crivez ici...\"><span style=\"color: #97cfc5;\">404\u200b<\/span><\/h4><h3><span style=\"color: #3c4040;\">Ce professeur est introuvable<\/span><\/h3>\t\t\t\t\t\t<\/div>\n\t\t\t\t<\/div>\n\t\t\t\t<div class=\"elementor-element elementor-element-cd98426 elementor-widget elementor-widget-text-editor\" data-id=\"cd98426\" data-element_type=\"widget\" data-widget_type=\"text-editor.default\">\n\t\t\t\t<div class=\"elementor-widget-container\">\n\t\t\t\t\t\t\t<p><span style=\"color: #788080;\">D\u00e9sol\u00e9, nous n\u2019avons pas pu trouver le professeur que vous recherchiez.\u00a0<\/span><\/p>\t\t\t\t\t\t<\/div>\n\t\t\t\t<\/div>\n\t\t\t\t<div class=\"elementor-element elementor-element-7e17382 elementor-align-center elementor-widget elementor-widget-button\" data-id=\"7e17382\" data-element_type=\"widget\" data-widget_type=\"button.default\">\n\t\t\t\t<div class=\"elementor-widget-container\">\n\t\t\t\t\t<div class=\"elementor-button-wrapper\">\n\t\t\t<a class=\"elementor-button elementor-button-link elementor-size-sm\" href=\"https:\/\/unizic.com\/en\/trouver-professeur\/\">\n\t\t\t\t\t\t<span class=\"elementor-button-content-wrapper\">\n\t\t\t\t\t\t<span class=\"elementor-button-text\">Retourner \u00e0 la recherche ici<\/span>\n\t\t<\/span>\n\t\t\t\t\t<\/a>\n\t\t<\/div>\n\t\t\t\t<\/div>\n\t\t\t\t<\/div>\n\t\t\t\t<div class=\"elementor-element elementor-element-ba04e04 elementor-widget elementor-widget-text-editor\" data-id=\"ba04e04\" data-element_type=\"widget\" data-widget_type=\"text-editor.default\">\n\t\t\t\t<div class=\"elementor-widget-container\">\n\t\t\t\t\t\t\t<p><span style=\"color: #788080;\">Vous pouvez \u00e9galement nous contacter via le formulaire ou \u00e0 l\u2019adresse suivante : <span style=\"color: #97cfc5;\"><a style=\"color: #97cfc5;\" href=\"mailto:contact@unizic.localhost\">contact@unizic.localhost<\/a><\/span>\u00a0 pour que nous trouvions ensemble votre professeur id\u00e9al<\/span><\/p>\t\t\t\t\t\t<\/div>\n\t\t\t\t<\/div>\n\t\t\t\t\t<\/div>\n\t\t<\/div>\n\t\t\t\t<div class=\"elementor-column elementor-col-50 elementor-top-column elementor-element elementor-element-5347c82f\" data-id=\"5347c82f\" data-element_type=\"column\">\n\t\t\t<div class=\"elementor-widget-wrap elementor-element-populated\">\n\t\t\t\t\t\t\t\t<div class=\"elementor-element elementor-element-7f712a8d elementor-widget elementor-widget-image\" data-id=\"7f712a8d\" data-element_type=\"widget\" data-widget_type=\"image.default\">\n\t\t\t\t<div class=\"elementor-widget-container\">\n\t\t\t\t\t\t\t\t\t\t\t\t\t\t\t<img decoding=\"async\" width=\"520\" height=\"704\" src=\"https:\/\/unizic.com\/wp-content\/uploads\/2019\/04\/visual_404.png\" class=\"attachment-full size-full wp-image-1561\" alt=\"\" loading=\"lazy\" srcset=\"https:\/\/unizic.com\/wp-content\/uploads\/2019\/04\/visual_404.png 520w, https:\/\/unizic.com\/wp-content\/uploads\/2019\/04\/visual_404-227x307.png 227w\" sizes=\"(max-width: 520px) 100vw, 520px\" \/>\t\t\t\t\t\t\t\t\t\t\t\t\t\t\t<\/div>\n\t\t\t\t<\/div>\n\t\t\t\t\t<\/div>\n\t\t<\/div>\n\t\t\t\t\t\t\t<\/div>\n\t\t<\/section>\n\t\t\t\t\t\t\t<\/div>\n\t\t<\/div>\n\t\t\t\t<\/div>\n\t\t\t\t<\/div>\n\t\t\t\t\t<\/div>\n\t\t<\/div>\n\t\t\t\t\t\t\t<\/div>\n\t\t<\/section>\n\t\t\t\t\t\t\t<\/div>","protected":false},"excerpt":{"rendered":"","protected":false},"author":32,"featured_media":0,"parent":0,"menu_order":0,"comment_status":"closed","ping_status":"closed","template":"","meta":[],"folder":[],"yoast_head":"<!-- This site is optimized with the Yoast SEO plugin v20.12 - https:\/\/yoast.com\/wordpress\/plugins\/seo\/ -->\n<title>Professeur - Unizic<\/title>\n<meta name=\"robots\" content=\"index, follow, max-snippet:-1, max-image-preview:large, max-video-preview:-1\" \/>\n<link rel=\"canonical\" href=\"https:\/\/unizic.com\/en\/teacher\/\" \/>\n<meta property=\"og:locale\" content=\"en_US\" \/>\n<meta property=\"og:type\" content=\"article\" \/>\n<meta property=\"og:title\" content=\"Professeur - Unizic\" \/>\n<meta property=\"og:url\" content=\"https:\/\/unizic.com\/en\/teacher\/\" \/>\n<meta property=\"og:site_name\" content=\"Unizic\" \/>\n<meta property=\"article:publisher\" content=\"https:\/\/www.facebook.com\/unizic\" \/>\n<meta property=\"article:modified_time\" content=\"2023-08-10T13:18:37+00:00\" \/>\n<meta property=\"og:image\" content=\"https:\/\/unizic.com\/wp-content\/uploads\/2019\/03\/logo_unizic_green.png\" \/>\n\t<meta property=\"og:image:width\" content=\"517\" \/>\n\t<meta property=\"og:image:height\" content=\"362\" \/>\n\t<meta property=\"og:image:type\" content=\"image\/png\" \/>\n<meta name=\"twitter:card\" content=\"summary_large_image\" \/>\n<script type=\"application\/ld+json\" class=\"yoast-schema-graph\">{\"@context\":\"https:\/\/schema.org\",\"@graph\":[{\"@type\":\"WebPage\",\"@id\":\"https:\/\/unizic.com\/teacher\/\",\"url\":\"https:\/\/unizic.com\/teacher\/\",\"name\":\"Professeur - Unizic\",\"isPartOf\":{\"@id\":\"https:\/\/unizic.com\/fr\/#website\"},\"datePublished\":\"2023-08-10T12:22:05+00:00\",\"dateModified\":\"2023-08-10T13:18:37+00:00\",\"breadcrumb\":{\"@id\":\"https:\/\/unizic.com\/teacher\/#breadcrumb\"},\"inLanguage\":\"en-US\",\"potentialAction\":[{\"@type\":\"ReadAction\",\"target\":[\"https:\/\/unizic.com\/teacher\/\"]}]},{\"@type\":\"BreadcrumbList\",\"@id\":\"https:\/\/unizic.com\/teacher\/#breadcrumb\",\"itemListElement\":[{\"@type\":\"ListItem\",\"position\":1,\"name\":\"Home\",\"item\":\"https:\/\/unizic.com\/\"},{\"@type\":\"ListItem\",\"position\":2,\"name\":\"Professeur\"}]},{\"@type\":\"WebSite\",\"@id\":\"https:\/\/unizic.com\/fr\/#website\",\"url\":\"https:\/\/unizic.com\/fr\/\",\"name\":\"Unizic\",\"description\":\"La premi\u00e8re communaut\u00e9 de musiciens d\u00e9di\u00e9e \u00e0 l\u2019apprentissage de la musique !\",\"potentialAction\":[{\"@type\":\"SearchAction\",\"target\":{\"@type\":\"EntryPoint\",\"urlTemplate\":\"https:\/\/unizic.com\/fr\/?s={search_term_string}\"},\"query-input\":\"required name=search_term_string\"}],\"inLanguage\":\"en-US\"}]}<\/script>\n<!-- \/ Yoast SEO plugin. -->","yoast_head_json":{"title":"Professeur - Unizic","robots":{"index":"index","follow":"follow","max-snippet":"max-snippet:-1","max-image-preview":"max-image-preview:large","max-video-preview":"max-video-preview:-1"},"canonical":"https:\/\/unizic.com\/en\/teacher\/","og_locale":"en_US","og_type":"article","og_title":"Professeur - Unizic","og_url":"https:\/\/unizic.com\/en\/teacher\/","og_site_name":"Unizic","article_publisher":"https:\/\/www.facebook.com\/unizic","article_modified_time":"2023-08-10T13:18:37+00:00","og_image":[{"width":517,"height":362,"url":"https:\/\/unizic.com\/wp-content\/uploads\/2019\/03\/logo_unizic_green.png","type":"image\/png"}],"twitter_card":"summary_large_image","schema":{"@context":"https:\/\/schema.org","@graph":[{"@type":"WebPage","@id":"https:\/\/unizic.com\/teacher\/","url":"https:\/\/unizic.com\/teacher\/","name":"Professeur - Unizic","isPartOf":{"@id":"https:\/\/unizic.com\/fr\/#website"},"datePublished":"2023-08-10T12:22:05+00:00","dateModified":"2023-08-10T13:18:37+00:00","breadcrumb":{"@id":"https:\/\/unizic.com\/teacher\/#breadcrumb"},"inLanguage":"en-US","potentialAction":[{"@type":"ReadAction","target":["https:\/\/unizic.com\/teacher\/"]}]},{"@type":"BreadcrumbList","@id":"https:\/\/unizic.com\/teacher\/#breadcrumb","itemListElement":[{"@type":"ListItem","position":1,"name":"Home","item":"https:\/\/unizic.com\/"},{"@type":"ListItem","position":2,"name":"Professeur"}]},{"@type":"WebSite","@id":"https:\/\/unizic.com\/fr\/#website","url":"https:\/\/unizic.com\/fr\/","name":"Unizic","description":"La premi\u00e8re communaut\u00e9 de musiciens d\u00e9di\u00e9e \u00e0 l\u2019apprentissage de la musique !","potentialAction":[{"@type":"SearchAction","target":{"@type":"EntryPoint","urlTemplate":"https:\/\/unizic.com\/fr\/?s={search_term_string}"},"query-input":"required name=search_term_string"}],"inLanguage":"en-US"}]}},"_links":{"self":[{"href":"https:\/\/unizic.com\/en\/wp-json\/wp\/v2\/pages\/4885"}],"collection":[{"href":"https:\/\/unizic.com\/en\/wp-json\/wp\/v2\/pages"}],"about":[{"href":"https:\/\/unizic.com\/en\/wp-json\/wp\/v2\/types\/page"}],"author":[{"embeddable":true,"href":"https:\/\/unizic.com\/en\/wp-json\/wp\/v2\/users\/32"}],"replies":[{"embeddable":true,"href":"https:\/\/unizic.com\/en\/wp-json\/wp\/v2\/comments?post=4885"}],"version-history":[{"count":6,"href":"https:\/\/unizic.com\/en\/wp-json\/wp\/v2\/pages\/4885\/revisions"}],"predecessor-version":[{"id":4892,"href":"https:\/\/unizic.com\/en\/wp-json\/wp\/v2\/pages\/4885\/revisions\/4892"}],"wp:attachment":[{"href":"https:\/\/unizic.com\/en\/wp-json\/wp\/v2\/media?parent=4885"}],"wp:term":[{"taxonomy":"folder","embeddable":true,"href":"https:\/\/unizic.com\/en\/wp-json\/wp\/v2\/folder?post=4885"}],"curies":[{"name":"wp","href":"https:\/\/api.w.org\/{rel}","templated":true}]}}