{"id":1230,"date":"2019-03-08T13:02:48","date_gmt":"2019-03-08T11:02:48","guid":{"rendered":"http:\/\/unizic.com\/?page_id=1230"},"modified":"2023-02-27T15:29:29","modified_gmt":"2023-02-27T13:29:29","slug":"accueil-blog","status":"publish","type":"page","link":"https:\/\/unizic.com\/fr\/accueil-blog\/","title":{"rendered":"Accueil blog"},"content":{"rendered":"","protected":false},"excerpt":{"rendered":"","protected":false},"author":8,"featured_media":1026,"parent":0,"menu_order":0,"comment_status":"closed","ping_status":"closed","template":"templates\/tpl_home.php","meta":[],"folder":[],"yoast_head":"<!-- This site is optimized with the Yoast SEO plugin v20.12 - https:\/\/yoast.com\/wordpress\/plugins\/seo\/ -->\n<title>Blog d&#039;actualit\u00e9 et d&#039;information sur l&#039;apprentissage de la musique ! - Unizic<\/title>\n<meta name=\"description\" content=\"Le blog de musique Unizic, la plateforme qui conseille ses profs, ses \u00e9l\u00e8ves, et qui partage ses connaissances entre passionn\u00e9s de musique !\" \/>\n<meta name=\"robots\" content=\"index, follow, max-snippet:-1, max-image-preview:large, max-video-preview:-1\" \/>\n<link rel=\"canonical\" href=\"https:\/\/unizic.com\/fr\/accueil-blog\/\" \/>\n<meta property=\"og:locale\" content=\"fr_FR\" \/>\n<meta property=\"og:type\" content=\"article\" \/>\n<meta property=\"og:title\" content=\"Blog d&#039;actualit\u00e9 et d&#039;information sur l&#039;apprentissage de la musique ! - Unizic\" \/>\n<meta property=\"og:description\" content=\"Le blog de musique Unizic, la plateforme qui conseille ses profs, ses \u00e9l\u00e8ves, et qui partage ses connaissances entre passionn\u00e9s de musique !\" \/>\n<meta property=\"og:url\" content=\"https:\/\/unizic.com\/fr\/accueil-blog\/\" \/>\n<meta property=\"og:site_name\" content=\"Unizic\" \/>\n<meta property=\"article:publisher\" content=\"https:\/\/www.facebook.com\/unizic\" \/>\n<meta property=\"article:modified_time\" content=\"2023-02-27T13:29:29+00:00\" \/>\n<meta property=\"og:image\" content=\"https:\/\/unizic.com\/wp-content\/uploads\/2019\/02\/cropped-BLOGUNIZIC_LOGO_05-e1551109811181-2.png\" \/>\n\t<meta property=\"og:image:width\" content=\"350\" \/>\n\t<meta property=\"og:image:height\" content=\"218\" \/>\n\t<meta property=\"og:image:type\" content=\"image\/png\" \/>\n<meta name=\"twitter:card\" content=\"summary_large_image\" \/>\n<script type=\"application\/ld+json\" class=\"yoast-schema-graph\">{\"@context\":\"https:\/\/schema.org\",\"@graph\":[{\"@type\":\"WebPage\",\"@id\":\"https:\/\/unizic.com\/fr\/accueil-blog\/\",\"url\":\"https:\/\/unizic.com\/fr\/accueil-blog\/\",\"name\":\"Blog d'actualit\u00e9 et d'information sur l'apprentissage de la musique ! - Unizic\",\"isPartOf\":{\"@id\":\"https:\/\/unizic.com\/fr\/#website\"},\"datePublished\":\"2019-03-08T11:02:48+00:00\",\"dateModified\":\"2023-02-27T13:29:29+00:00\",\"description\":\"Le blog de musique Unizic, la plateforme qui conseille ses profs, ses \u00e9l\u00e8ves, et qui partage ses connaissances entre passionn\u00e9s de musique !\",\"breadcrumb\":{\"@id\":\"https:\/\/unizic.com\/fr\/accueil-blog\/#breadcrumb\"},\"inLanguage\":\"fr-FR\",\"potentialAction\":[{\"@type\":\"ReadAction\",\"target\":[\"https:\/\/unizic.com\/fr\/accueil-blog\/\"]}]},{\"@type\":\"BreadcrumbList\",\"@id\":\"https:\/\/unizic.com\/fr\/accueil-blog\/#breadcrumb\",\"itemListElement\":[{\"@type\":\"ListItem\",\"position\":1,\"name\":\"Home\",\"item\":\"https:\/\/unizic.com\/\"},{\"@type\":\"ListItem\",\"position\":2,\"name\":\"Accueil blog\"}]},{\"@type\":\"WebSite\",\"@id\":\"https:\/\/unizic.com\/fr\/#website\",\"url\":\"https:\/\/unizic.com\/fr\/\",\"name\":\"Unizic\",\"description\":\"La premi\u00e8re communaut\u00e9 de musiciens d\u00e9di\u00e9e \u00e0 l\u2019apprentissage de la musique !\",\"potentialAction\":[{\"@type\":\"SearchAction\",\"target\":{\"@type\":\"EntryPoint\",\"urlTemplate\":\"https:\/\/unizic.com\/fr\/?s={search_term_string}\"},\"query-input\":\"required name=search_term_string\"}],\"inLanguage\":\"fr-FR\"}]}<\/script>\n<!-- \/ Yoast SEO plugin. -->","yoast_head_json":{"title":"Blog d'actualit\u00e9 et d'information sur l'apprentissage de la musique ! - Unizic","description":"Le blog de musique Unizic, la plateforme qui conseille ses profs, ses \u00e9l\u00e8ves, et qui partage ses connaissances entre passionn\u00e9s de musique !","robots":{"index":"index","follow":"follow","max-snippet":"max-snippet:-1","max-image-preview":"max-image-preview:large","max-video-preview":"max-video-preview:-1"},"canonical":"https:\/\/unizic.com\/fr\/accueil-blog\/","og_locale":"fr_FR","og_type":"article","og_title":"Blog d'actualit\u00e9 et d'information sur l'apprentissage de la musique ! - Unizic","og_description":"Le blog de musique Unizic, la plateforme qui conseille ses profs, ses \u00e9l\u00e8ves, et qui partage ses connaissances entre passionn\u00e9s de musique !","og_url":"https:\/\/unizic.com\/fr\/accueil-blog\/","og_site_name":"Unizic","article_publisher":"https:\/\/www.facebook.com\/unizic","article_modified_time":"2023-02-27T13:29:29+00:00","og_image":[{"width":350,"height":218,"url":"https:\/\/unizic.com\/wp-content\/uploads\/2019\/02\/cropped-BLOGUNIZIC_LOGO_05-e1551109811181-2.png","type":"image\/png"}],"twitter_card":"summary_large_image","schema":{"@context":"https:\/\/schema.org","@graph":[{"@type":"WebPage","@id":"https:\/\/unizic.com\/fr\/accueil-blog\/","url":"https:\/\/unizic.com\/fr\/accueil-blog\/","name":"Blog d'actualit\u00e9 et d'information sur l'apprentissage de la musique ! - Unizic","isPartOf":{"@id":"https:\/\/unizic.com\/fr\/#website"},"datePublished":"2019-03-08T11:02:48+00:00","dateModified":"2023-02-27T13:29:29+00:00","description":"Le blog de musique Unizic, la plateforme qui conseille ses profs, ses \u00e9l\u00e8ves, et qui partage ses connaissances entre passionn\u00e9s de musique !","breadcrumb":{"@id":"https:\/\/unizic.com\/fr\/accueil-blog\/#breadcrumb"},"inLanguage":"fr-FR","potentialAction":[{"@type":"ReadAction","target":["https:\/\/unizic.com\/fr\/accueil-blog\/"]}]},{"@type":"BreadcrumbList","@id":"https:\/\/unizic.com\/fr\/accueil-blog\/#breadcrumb","itemListElement":[{"@type":"ListItem","position":1,"name":"Home","item":"https:\/\/unizic.com\/"},{"@type":"ListItem","position":2,"name":"Accueil blog"}]},{"@type":"WebSite","@id":"https:\/\/unizic.com\/fr\/#website","url":"https:\/\/unizic.com\/fr\/","name":"Unizic","description":"La premi\u00e8re communaut\u00e9 de musiciens d\u00e9di\u00e9e \u00e0 l\u2019apprentissage de la musique !","potentialAction":[{"@type":"SearchAction","target":{"@type":"EntryPoint","urlTemplate":"https:\/\/unizic.com\/fr\/?s={search_term_string}"},"query-input":"required name=search_term_string"}],"inLanguage":"fr-FR"}]}},"_links":{"self":[{"href":"https:\/\/unizic.com\/fr\/wp-json\/wp\/v2\/pages\/1230"}],"collection":[{"href":"https:\/\/unizic.com\/fr\/wp-json\/wp\/v2\/pages"}],"about":[{"href":"https:\/\/unizic.com\/fr\/wp-json\/wp\/v2\/types\/page"}],"author":[{"embeddable":true,"href":"https:\/\/unizic.com\/fr\/wp-json\/wp\/v2\/users\/8"}],"replies":[{"embeddable":true,"href":"https:\/\/unizic.com\/fr\/wp-json\/wp\/v2\/comments?post=1230"}],"version-history":[{"count":3,"href":"https:\/\/unizic.com\/fr\/wp-json\/wp\/v2\/pages\/1230\/revisions"}],"predecessor-version":[{"id":3276,"href":"https:\/\/unizic.com\/fr\/wp-json\/wp\/v2\/pages\/1230\/revisions\/3276"}],"wp:featuredmedia":[{"embeddable":true,"href":"https:\/\/unizic.com\/fr\/wp-json\/wp\/v2\/media\/1026"}],"wp:attachment":[{"href":"https:\/\/unizic.com\/fr\/wp-json\/wp\/v2\/media?parent=1230"}],"wp:term":[{"taxonomy":"folder","embeddable":true,"href":"https:\/\/unizic.com\/fr\/wp-json\/wp\/v2\/folder?post=1230"}],"curies":[{"name":"wp","href":"https:\/\/api.w.org\/{rel}","templated":true}]}}