{"id":1682,"date":"2021-08-24T12:47:18","date_gmt":"2021-08-24T10:47:18","guid":{"rendered":"http:\/\/unizic.com\/?page_id=1682"},"modified":"2023-08-31T09:56:11","modified_gmt":"2023-08-31T07:56:11","slug":"nos-sites-amis","status":"publish","type":"page","link":"https:\/\/unizic.com\/fr\/accueil-blog\/nos-sites-amis\/","title":{"rendered":"Nos partenaires"},"content":{"rendered":"<div id=\"menu\">\n<p>D\u00e9couvrez nos partenaires :<\/p>\n<ul>\n<li><a href=\"#institutionnels\">Institutionnels<\/a><\/li>\n<li><a href=\"#magasins\">Magasins<\/a><\/li>\n<li><a href=\"#medias-blogs\">M\u00e9dias \/ Blogs<\/a><\/li>\n<li><a href=\"#forums\">Forums<\/a><\/li>\n<li><a href=\"#ecoles-conservatoires\">\u00c9coles \/ Conservatoires<\/a><\/li>\n<li><a href=\"#partenaires-financiers\">Partenaires financiers<\/a><\/li>\n<\/ul>\n<\/div>\n<div id=\"institutionnels\" style=\"margin-top: 80px;\">\n<h2>Institutionnels<\/h2>\n<p>&nbsp;<\/p>\n<h3><a href=\"https:\/\/philharmoniedeparis.fr\/fr\" target=\"_blank\" rel=\"noopener\">Philarmonie de Paris<\/a><\/h3>\n<p>\u00ab\u00a0\u00c9couter, voir, apprendre, d\u00e9couvrir et pratiquer la musique sous toutes ses formes.\u00a0\u00bb<\/p>\n<p><a style=\"color: #ff7f8c;\" href=\"#menu\">Revenir en haut de la liste<\/a><\/p>\n<\/div>\n<div id=\"magasins\" style=\"margin-top: 80px;\">\n<h2>Magasins<\/h2>\n<p>&nbsp;<\/p>\n<h3><a href=\"https:\/\/www.italiemusique.com\/\" target=\"_blank\" rel=\"noopener\">Italie Musique<\/a><\/h3>\n<p>Que vous soyez amateur, professionnel ou n\u00e9ophyte, vous trouverez votre bonheur parmi une large gamme d&rsquo;instruments rigoureusement s\u00e9lectionn\u00e9s par l&rsquo;\u00e9quipe du magasin !<\/p>\n<p>&nbsp;<\/p>\n<h3><a href=\"https:\/\/direct-music.fr\/\" target=\"_blank\" rel=\"noopener\">Direct Music<\/a><\/h3>\n<p>Direct Music est un magasin de musique \u00e0 Paris,\u00a0 dans le 14\u00e8me arrondissement. On peut y trouver tous types d&rsquo; instruments: guitares, pianos, cordes de guitares, sonorisation, tables de mixages, accessoires divers, platines vinyles&#8230;<\/p>\n<p>&nbsp;<\/p>\n<p><a style=\"color: #ff7f8c;\" href=\"#menu\">Revenir en haut de la liste<\/a><\/p>\n<\/div>\n<div id=\"medias-blogs\" style=\"margin-top: 80px;\">\n<h2>M\u00e9dias \/ Blogs<\/h2>\n<p>&nbsp;<\/p>\n<h3><a href=\"https:\/\/eduscol.education.fr\/2335\/education-musicale\" target=\"_blank\" rel=\"noopener\">Eduscol<\/a><\/h3>\n<p>Minist\u00e8re de l&rsquo;\u00c9ducation nationale, de la Jeunesse et des Sports &#8211; Direction g\u00e9n\u00e9rale de l&rsquo;enseignement scolaire et, entre autres, musical.<\/p>\n<p>&nbsp;<\/p>\n<p><a style=\"color: #ff7f8c;\" href=\"#menu\">Revenir en haut de la liste<\/a><\/p>\n<\/div>\n<div id=\"forums\" style=\"margin-top: 80px;\">\n<h2>Forums<\/h2>\n<p>&nbsp;<\/p>\n<h3><a href=\"https:\/\/www.easyzic.com\/\" target=\"_blank\" rel=\"noopener\">EasyZic<\/a><\/h3>\n<p>Musicien amateur ou v\u00e9ritable professionnel, EasyZic vous propose des partenaires, des \u00e9changes musicaux, des tests matos, des partitions et l&rsquo;acc\u00e8s \u00e0 un grand nombre de forums.<\/p>\n<p><a style=\"color: #ff7f8c;\" href=\"#menu\">Revenir en haut de la liste<\/a><\/p>\n<\/div>\n<div id=\"ecoles-conservatoires\" style=\"margin-top: 80px;\">\n<h2>\u00c9coles \/ Conservatoires<\/h2>\n<p>&nbsp;<\/p>\n<h3><a href=\"https:\/\/www.icm-musique.fr\/\">icm musique<\/a><\/h3>\n<p>icm c\u2019est 30 ans d\u2019exp\u00e9rience : de la p\u00e9dagogie, de l\u2019apprentissage simultan\u00e9 avec \u00e0 la fois de la pratique et du solf\u00e8ge, afin de vous proposer <strong>le meilleur des cours de musique \u00e0 domicile.<\/strong><\/p>\n<p>&nbsp;<\/p>\n<h3><a href=\"https:\/\/conservatoires.paris.fr\/conservatoires\/boulanger\" target=\"_blank\" rel=\"noopener\">Conservatoire Nadia et Lili Boulanger<\/a><\/h3>\n<p>Le Conservatoire Nadia et Lili Boulanger saura combler les musiciens en qu\u00eate d&rsquo;une formation classique, com\u00e9die musicale, jazz, musiques anciennes et danse. ICM y intervient \u00e9galement pour des ateliers d&rsquo;\u00e9veil musical.<\/p>\n<p><a style=\"color: #ff7f8c;\" href=\"#menu\">Revenir en haut de la liste<\/a><\/p>\n<div id=\"partenaires-financiers\" style=\"margin-top: 80px;\">\n<h2>Nos partenaires financiers<\/h2>\n<p>&nbsp;<\/p>\n<h3><a href=\"https:\/\/www.normandie.fr\/\" target=\"_blank\" rel=\"noopener\">La R\u00e9gion Normandie<\/a><\/h3>\n<p><a href=\"https:\/\/www.normandie.fr\/\"><img decoding=\"async\" loading=\"lazy\" class=\"wp-image-1750 alignnone\" src=\"\/\/unizic.com\/wp-content\/uploads\/2021\/09\/logo_r.normandie-paysage-cmjn_0-900x216.jpg\" alt=\"\" width=\"276\" height=\"59\" \/><\/a><\/p>\n<p>La R\u00e9gion Normandie est un support financier et de conseil privil\u00e9gi\u00e9 pour le projet unizic. Elle accompagne la structure dans son d\u00e9veloppement.<\/p>\n<p>&nbsp;<\/p>\n<p><a style=\"color: #ff7f8c;\" href=\"#menu\">Revenir en haut de la liste<\/a><\/p>\n<\/div>\n<\/div>\n<p>&nbsp;<\/p>\n<p><strong><a href=\"http:\/\/unizic.com\/\">D\u00e9couvrez le blog Unizic<\/a><\/strong><\/p>\n","protected":false},"excerpt":{"rendered":"<p>D\u00e9couvrez nos partenaires : Institutionnels Magasins M\u00e9dias \/ Blogs Forums \u00c9coles \/ Conservatoires Partenaires financiers Institutionnels &nbsp; Philarmonie de Paris \u00ab\u00a0\u00c9couter, voir, apprendre, d\u00e9couvrir et pratiquer la musique sous toutes ses formes.\u00a0\u00bb Revenir en haut de la liste Magasins &nbsp; Italie Musique Que vous soyez amateur, professionnel ou n\u00e9ophyte, vous trouverez votre bonheur parmi une [&hellip;]<\/p>\n","protected":false},"author":2,"featured_media":1595,"parent":1230,"menu_order":0,"comment_status":"closed","ping_status":"closed","template":"templates\/tpl_annexe.php","meta":[],"folder":[],"yoast_head":"<!-- This site is optimized with the Yoast SEO plugin v20.12 - https:\/\/yoast.com\/wordpress\/plugins\/seo\/ -->\n<title>Ils nous font tous confiance ! D\u00e9couvrez nos partenaires<\/title>\n<meta name=\"description\" content=\"Ils nous font confiance. Depuis sa cr\u00e9ation, Unizic est entour\u00e9 de partenaires de taille. D\u00e9couvrez qui sont nos partenaires !\" \/>\n<meta name=\"robots\" content=\"index, follow, max-snippet:-1, max-image-preview:large, max-video-preview:-1\" \/>\n<link rel=\"canonical\" href=\"https:\/\/unizic.com\/fr\/accueil-blog\/nos-sites-amis\/\" \/>\n<meta property=\"og:locale\" content=\"fr_FR\" \/>\n<meta property=\"og:type\" content=\"article\" \/>\n<meta property=\"og:title\" content=\"Ils nous font tous confiance ! D\u00e9couvrez nos partenaires\" \/>\n<meta property=\"og:description\" content=\"Ils nous font confiance. Depuis sa cr\u00e9ation, Unizic est entour\u00e9 de partenaires de taille. D\u00e9couvrez qui sont nos partenaires !\" \/>\n<meta property=\"og:url\" content=\"https:\/\/unizic.com\/fr\/accueil-blog\/nos-sites-amis\/\" \/>\n<meta property=\"og:site_name\" content=\"Unizic\" \/>\n<meta property=\"article:publisher\" content=\"https:\/\/www.facebook.com\/unizic\" \/>\n<meta property=\"article:modified_time\" content=\"2023-08-31T07:56:11+00:00\" \/>\n<meta property=\"og:image\" content=\"https:\/\/unizic.com\/wp-content\/uploads\/2019\/04\/tutos-pedagogiques2x.png\" \/>\n\t<meta property=\"og:image:width\" content=\"2032\" \/>\n\t<meta property=\"og:image:height\" content=\"1938\" \/>\n\t<meta property=\"og:image:type\" content=\"image\/png\" \/>\n<meta name=\"twitter:card\" content=\"summary_large_image\" \/>\n<meta name=\"twitter:label1\" content=\"Est. reading time\" \/>\n\t<meta name=\"twitter:data1\" content=\"2 minutes\" \/>\n<script type=\"application\/ld+json\" class=\"yoast-schema-graph\">{\"@context\":\"https:\/\/schema.org\",\"@graph\":[{\"@type\":[\"WebPage\",\"ItemPage\"],\"@id\":\"https:\/\/unizic.com\/accueil-blog\/nos-sites-amis\/\",\"url\":\"https:\/\/unizic.com\/accueil-blog\/nos-sites-amis\/\",\"name\":\"Ils nous font tous confiance ! D\u00e9couvrez nos partenaires\",\"isPartOf\":{\"@id\":\"https:\/\/unizic.com\/fr\/#website\"},\"datePublished\":\"2021-08-24T10:47:18+00:00\",\"dateModified\":\"2023-08-31T07:56:11+00:00\",\"description\":\"Ils nous font confiance. Depuis sa cr\u00e9ation, Unizic est entour\u00e9 de partenaires de taille. D\u00e9couvrez qui sont nos partenaires !\",\"breadcrumb\":{\"@id\":\"https:\/\/unizic.com\/accueil-blog\/nos-sites-amis\/#breadcrumb\"},\"inLanguage\":\"fr-FR\",\"potentialAction\":[{\"@type\":\"ReadAction\",\"target\":[\"https:\/\/unizic.com\/accueil-blog\/nos-sites-amis\/\"]}]},{\"@type\":\"BreadcrumbList\",\"@id\":\"https:\/\/unizic.com\/accueil-blog\/nos-sites-amis\/#breadcrumb\",\"itemListElement\":[{\"@type\":\"ListItem\",\"position\":1,\"name\":\"Home\",\"item\":\"https:\/\/unizic.com\/\"},{\"@type\":\"ListItem\",\"position\":2,\"name\":\"Accueil blog\",\"item\":\"https:\/\/unizic.com\/fr\/accueil-blog\/\"},{\"@type\":\"ListItem\",\"position\":3,\"name\":\"Nos partenaires\"}]},{\"@type\":\"WebSite\",\"@id\":\"https:\/\/unizic.com\/fr\/#website\",\"url\":\"https:\/\/unizic.com\/fr\/\",\"name\":\"Unizic\",\"description\":\"La premi\u00e8re communaut\u00e9 de musiciens d\u00e9di\u00e9e \u00e0 l\u2019apprentissage de la musique !\",\"potentialAction\":[{\"@type\":\"SearchAction\",\"target\":{\"@type\":\"EntryPoint\",\"urlTemplate\":\"https:\/\/unizic.com\/fr\/?s={search_term_string}\"},\"query-input\":\"required name=search_term_string\"}],\"inLanguage\":\"fr-FR\"}]}<\/script>\n<!-- \/ Yoast SEO plugin. -->","yoast_head_json":{"title":"Ils nous font tous confiance ! D\u00e9couvrez nos partenaires","description":"Ils nous font confiance. Depuis sa cr\u00e9ation, Unizic est entour\u00e9 de partenaires de taille. D\u00e9couvrez qui sont nos partenaires !","robots":{"index":"index","follow":"follow","max-snippet":"max-snippet:-1","max-image-preview":"max-image-preview:large","max-video-preview":"max-video-preview:-1"},"canonical":"https:\/\/unizic.com\/fr\/accueil-blog\/nos-sites-amis\/","og_locale":"fr_FR","og_type":"article","og_title":"Ils nous font tous confiance ! D\u00e9couvrez nos partenaires","og_description":"Ils nous font confiance. Depuis sa cr\u00e9ation, Unizic est entour\u00e9 de partenaires de taille. D\u00e9couvrez qui sont nos partenaires !","og_url":"https:\/\/unizic.com\/fr\/accueil-blog\/nos-sites-amis\/","og_site_name":"Unizic","article_publisher":"https:\/\/www.facebook.com\/unizic","article_modified_time":"2023-08-31T07:56:11+00:00","og_image":[{"width":2032,"height":1938,"url":"https:\/\/unizic.com\/wp-content\/uploads\/2019\/04\/tutos-pedagogiques2x.png","type":"image\/png"}],"twitter_card":"summary_large_image","twitter_misc":{"Est. reading time":"2 minutes"},"schema":{"@context":"https:\/\/schema.org","@graph":[{"@type":["WebPage","ItemPage"],"@id":"https:\/\/unizic.com\/accueil-blog\/nos-sites-amis\/","url":"https:\/\/unizic.com\/accueil-blog\/nos-sites-amis\/","name":"Ils nous font tous confiance ! D\u00e9couvrez nos partenaires","isPartOf":{"@id":"https:\/\/unizic.com\/fr\/#website"},"datePublished":"2021-08-24T10:47:18+00:00","dateModified":"2023-08-31T07:56:11+00:00","description":"Ils nous font confiance. Depuis sa cr\u00e9ation, Unizic est entour\u00e9 de partenaires de taille. D\u00e9couvrez qui sont nos partenaires !","breadcrumb":{"@id":"https:\/\/unizic.com\/accueil-blog\/nos-sites-amis\/#breadcrumb"},"inLanguage":"fr-FR","potentialAction":[{"@type":"ReadAction","target":["https:\/\/unizic.com\/accueil-blog\/nos-sites-amis\/"]}]},{"@type":"BreadcrumbList","@id":"https:\/\/unizic.com\/accueil-blog\/nos-sites-amis\/#breadcrumb","itemListElement":[{"@type":"ListItem","position":1,"name":"Home","item":"https:\/\/unizic.com\/"},{"@type":"ListItem","position":2,"name":"Accueil blog","item":"https:\/\/unizic.com\/fr\/accueil-blog\/"},{"@type":"ListItem","position":3,"name":"Nos partenaires"}]},{"@type":"WebSite","@id":"https:\/\/unizic.com\/fr\/#website","url":"https:\/\/unizic.com\/fr\/","name":"Unizic","description":"La premi\u00e8re communaut\u00e9 de musiciens d\u00e9di\u00e9e \u00e0 l\u2019apprentissage de la musique !","potentialAction":[{"@type":"SearchAction","target":{"@type":"EntryPoint","urlTemplate":"https:\/\/unizic.com\/fr\/?s={search_term_string}"},"query-input":"required name=search_term_string"}],"inLanguage":"fr-FR"}]}},"_links":{"self":[{"href":"https:\/\/unizic.com\/fr\/wp-json\/wp\/v2\/pages\/1682"}],"collection":[{"href":"https:\/\/unizic.com\/fr\/wp-json\/wp\/v2\/pages"}],"about":[{"href":"https:\/\/unizic.com\/fr\/wp-json\/wp\/v2\/types\/page"}],"author":[{"embeddable":true,"href":"https:\/\/unizic.com\/fr\/wp-json\/wp\/v2\/users\/2"}],"replies":[{"embeddable":true,"href":"https:\/\/unizic.com\/fr\/wp-json\/wp\/v2\/comments?post=1682"}],"version-history":[{"count":3,"href":"https:\/\/unizic.com\/fr\/wp-json\/wp\/v2\/pages\/1682\/revisions"}],"predecessor-version":[{"id":1995,"href":"https:\/\/unizic.com\/fr\/wp-json\/wp\/v2\/pages\/1682\/revisions\/1995"}],"up":[{"embeddable":true,"href":"https:\/\/unizic.com\/fr\/wp-json\/wp\/v2\/pages\/1230"}],"wp:featuredmedia":[{"embeddable":true,"href":"https:\/\/unizic.com\/fr\/wp-json\/wp\/v2\/media\/1595"}],"wp:attachment":[{"href":"https:\/\/unizic.com\/fr\/wp-json\/wp\/v2\/media?parent=1682"}],"wp:term":[{"taxonomy":"folder","embeddable":true,"href":"https:\/\/unizic.com\/fr\/wp-json\/wp\/v2\/folder?post=1682"}],"curies":[{"name":"wp","href":"https:\/\/api.w.org\/{rel}","templated":true}]}}