{"id":3800,"date":"2023-05-23T14:10:24","date_gmt":"2023-05-23T12:10:24","guid":{"rendered":"https:\/\/unizic.com\/?page_id=3800"},"modified":"2023-05-30T10:45:22","modified_gmt":"2023-05-30T08:45:22","slug":"harmonica","status":"publish","type":"page","link":"https:\/\/unizic.com\/fr\/harmonica\/","title":{"rendered":"Harmonica"},"content":{"rendered":"\t\t<div data-elementor-type=\"wp-page\" data-elementor-id=\"3800\" class=\"elementor elementor-3800\">\n\t\t\t\t\t\t\t\t\t<section class=\"elementor-section elementor-top-section elementor-element elementor-element-39763a95 elementor-section-boxed elementor-section-height-default elementor-section-height-default\" data-id=\"39763a95\" data-element_type=\"section\">\n\t\t\t\t\t\t<div class=\"elementor-container elementor-column-gap-default\">\n\t\t\t\t\t<div class=\"elementor-column elementor-col-100 elementor-top-column elementor-element elementor-element-2b1f429a\" data-id=\"2b1f429a\" data-element_type=\"column\">\n\t\t\t<div class=\"elementor-widget-wrap elementor-element-populated\">\n\t\t\t\t\t\t\t\t<div class=\"elementor-element elementor-element-c8b4001 elementor-widget elementor-widget-spacer\" data-id=\"c8b4001\" data-element_type=\"widget\" data-widget_type=\"spacer.default\">\n\t\t\t\t<div class=\"elementor-widget-container\">\n\t\t\t\t\t<div class=\"elementor-spacer\">\n\t\t\t<div class=\"elementor-spacer-inner\"><\/div>\n\t\t<\/div>\n\t\t\t\t<\/div>\n\t\t\t\t<\/div>\n\t\t\t\t<div class=\"elementor-element elementor-element-6b7c2237 elementor-widget elementor-widget-heading\" data-id=\"6b7c2237\" data-element_type=\"widget\" data-widget_type=\"heading.default\">\n\t\t\t\t<div class=\"elementor-widget-container\">\n\t\t\t<h1 class=\"elementor-heading-title elementor-size-default\">Cours de l'harmonica en ligne<\/h1>\t\t<\/div>\n\t\t\t\t<\/div>\n\t\t\t\t\t<\/div>\n\t\t<\/div>\n\t\t\t\t\t\t\t<\/div>\n\t\t<\/section>\n\t\t\t\t<section class=\"elementor-section elementor-top-section elementor-element elementor-element-441a5631 elementor-section-boxed elementor-section-height-default elementor-section-height-default\" data-id=\"441a5631\" data-element_type=\"section\">\n\t\t\t\t\t\t<div class=\"elementor-container elementor-column-gap-default\">\n\t\t\t\t\t<div class=\"elementor-column elementor-col-100 elementor-top-column elementor-element elementor-element-349c1af9\" data-id=\"349c1af9\" data-element_type=\"column\">\n\t\t\t<div class=\"elementor-widget-wrap elementor-element-populated\">\n\t\t\t\t\t\t\t\t<div class=\"elementor-element elementor-element-d08216b elementor-widget elementor-widget-text-editor\" data-id=\"d08216b\" data-element_type=\"widget\" data-widget_type=\"text-editor.default\">\n\t\t\t\t<div class=\"elementor-widget-container\">\n\t\t\t\t\t\t\t<p><strong>Familles<\/strong><\/p><p>Cordes<\/p>\t\t\t\t\t\t<\/div>\n\t\t\t\t<\/div>\n\t\t\t\t\t<\/div>\n\t\t<\/div>\n\t\t\t\t\t\t\t<\/div>\n\t\t<\/section>\n\t\t\t\t<section class=\"elementor-section elementor-top-section elementor-element elementor-element-1cce4fa0 elementor-section-boxed elementor-section-height-default elementor-section-height-default\" data-id=\"1cce4fa0\" data-element_type=\"section\">\n\t\t\t\t\t\t<div class=\"elementor-container elementor-column-gap-default\">\n\t\t\t\t\t<div class=\"elementor-column elementor-col-100 elementor-top-column elementor-element elementor-element-e2e83d7\" data-id=\"e2e83d7\" data-element_type=\"column\">\n\t\t\t<div class=\"elementor-widget-wrap elementor-element-populated\">\n\t\t\t\t\t\t\t\t<div class=\"elementor-element elementor-element-4f594946 elementor-widget elementor-widget-heading\" data-id=\"4f594946\" data-element_type=\"widget\" data-widget_type=\"heading.default\">\n\t\t\t\t<div class=\"elementor-widget-container\">\n\t\t\t<h2 class=\"elementor-heading-title elementor-size-default\">Apprendre \u00e0 jouer de l'harmonica en ligne<\/h2>\t\t<\/div>\n\t\t\t\t<\/div>\n\t\t\t\t\t<\/div>\n\t\t<\/div>\n\t\t\t\t\t\t\t<\/div>\n\t\t<\/section>\n\t\t\t\t<section class=\"elementor-section elementor-top-section elementor-element elementor-element-61924e19 elementor-section-boxed elementor-section-height-default elementor-section-height-default\" data-id=\"61924e19\" data-element_type=\"section\">\n\t\t\t\t\t\t<div class=\"elementor-container elementor-column-gap-default\">\n\t\t\t\t\t<div class=\"elementor-column elementor-col-100 elementor-top-column elementor-element elementor-element-40c8cb94\" data-id=\"40c8cb94\" data-element_type=\"column\">\n\t\t\t<div class=\"elementor-widget-wrap elementor-element-populated\">\n\t\t\t\t\t\t\t\t<div class=\"elementor-element elementor-element-28c6aef0 elementor-widget elementor-widget-spacer\" data-id=\"28c6aef0\" data-element_type=\"widget\" data-widget_type=\"spacer.default\">\n\t\t\t\t<div class=\"elementor-widget-container\">\n\t\t\t\t\t<div class=\"elementor-spacer\">\n\t\t\t<div class=\"elementor-spacer-inner\"><\/div>\n\t\t<\/div>\n\t\t\t\t<\/div>\n\t\t\t\t<\/div>\n\t\t\t\t<div class=\"elementor-element elementor-element-30ee0b01 elementor-widget elementor-widget-heading\" data-id=\"30ee0b01\" data-element_type=\"widget\" data-widget_type=\"heading.default\">\n\t\t\t\t<div class=\"elementor-widget-container\">\n\t\t\t<h3 class=\"elementor-heading-title elementor-size-default\">Des cours d'harmonica en ligne adapt\u00e9s \u00e0 votre niveau et \u00e0 vos envies\n<\/h3>\t\t<\/div>\n\t\t\t\t<\/div>\n\t\t\t\t<div class=\"elementor-element elementor-element-3f8f4362 elementor-widget elementor-widget-text-editor\" data-id=\"3f8f4362\" data-element_type=\"widget\" data-widget_type=\"text-editor.default\">\n\t\t\t\t<div class=\"elementor-widget-container\">\n\t\t\t\t\t\t\t<p>Il para\u00eet que le pr\u00e9sident Lincoln lui-m\u00eame en jouait. Cr\u00e9\u00e9 au XIX\u00e8me si\u00e8cle en Autriche, l\u2019harmonica est un instrument \u00e0 vent de la famille des bois qui brille par sa polyvalence et sa sonorit\u00e9 mythique\u2026 Mais aussi par sa facilit\u00e9 de jeu et son c\u00f4t\u00e9 transportable\u00a0! Il est devenu embl\u00e9matique du blues, mais aussi de la country, du folk, de la soul et du jazz.<\/p>\t\t\t\t\t\t<\/div>\n\t\t\t\t<\/div>\n\t\t\t\t\t<\/div>\n\t\t<\/div>\n\t\t\t\t\t\t\t<\/div>\n\t\t<\/section>\n\t\t\t\t<section class=\"elementor-section elementor-top-section elementor-element elementor-element-4eae6229 elementor-section-boxed elementor-section-height-default elementor-section-height-default\" data-id=\"4eae6229\" data-element_type=\"section\">\n\t\t\t\t\t\t<div class=\"elementor-container elementor-column-gap-default\">\n\t\t\t\t\t<div class=\"elementor-column elementor-col-100 elementor-top-column elementor-element elementor-element-5567fd00\" data-id=\"5567fd00\" data-element_type=\"column\">\n\t\t\t<div class=\"elementor-widget-wrap elementor-element-populated\">\n\t\t\t\t\t\t\t\t<div class=\"elementor-element elementor-element-48093e93 elementor-widget elementor-widget-heading\" data-id=\"48093e93\" data-element_type=\"widget\" data-widget_type=\"heading.default\">\n\t\t\t\t<div class=\"elementor-widget-container\">\n\t\t\t<h4 class=\"elementor-heading-title elementor-size-default\">D\u00e9butants \u00e0 l'harmonica : <\/h4>\t\t<\/div>\n\t\t\t\t<\/div>\n\t\t\t\t<div class=\"elementor-element elementor-element-24a7fe5d elementor-widget elementor-widget-text-editor\" data-id=\"24a7fe5d\" data-element_type=\"widget\" data-widget_type=\"text-editor.default\">\n\t\t\t\t<div class=\"elementor-widget-container\">\n\t\t\t\t\t\t\t<p>\u00a0 \u00a0 Enfants, nous avons tous souffl\u00e9 au moins une fois dans un harmonica. Avec nos cours en ligne, concr\u00e9tisez vos r\u00eaves ou ceux de vos enfants en apprenant \u00e0 le ma\u00eetriser pleinement\u00a0!<\/p>\t\t\t\t\t\t<\/div>\n\t\t\t\t<\/div>\n\t\t\t\t\t<\/div>\n\t\t<\/div>\n\t\t\t\t\t\t\t<\/div>\n\t\t<\/section>\n\t\t\t\t<section class=\"elementor-section elementor-top-section elementor-element elementor-element-49a90848 elementor-section-boxed elementor-section-height-default elementor-section-height-default\" data-id=\"49a90848\" data-element_type=\"section\">\n\t\t\t\t\t\t<div class=\"elementor-container elementor-column-gap-default\">\n\t\t\t\t\t<div class=\"elementor-column elementor-col-100 elementor-top-column elementor-element elementor-element-84ffe0f\" data-id=\"84ffe0f\" data-element_type=\"column\">\n\t\t\t<div class=\"elementor-widget-wrap elementor-element-populated\">\n\t\t\t\t\t\t\t\t<div class=\"elementor-element elementor-element-3372da30 elementor-widget elementor-widget-heading\" data-id=\"3372da30\" data-element_type=\"widget\" data-widget_type=\"heading.default\">\n\t\t\t\t<div class=\"elementor-widget-container\">\n\t\t\t<h4 class=\"elementor-heading-title elementor-size-default\">Progresser \u00e0 l'harmonica :<\/h4>\t\t<\/div>\n\t\t\t\t<\/div>\n\t\t\t\t<div class=\"elementor-element elementor-element-7544ccd7 elementor-widget elementor-widget-text-editor\" data-id=\"7544ccd7\" data-element_type=\"widget\" data-widget_type=\"text-editor.default\">\n\t\t\t\t<div class=\"elementor-widget-container\">\n\t\t\t\t\t\t\t<p>\u00a0 \u00a0 Perfectionner vos alt\u00e9rations, ma\u00eetriser davantage votre souffle\u2026 Nos professeurs r\u00e9pondront \u00e0 vos attentes pour devenir un harmoniciste accompli.<\/p>\t\t\t\t\t\t<\/div>\n\t\t\t\t<\/div>\n\t\t\t\t\t<\/div>\n\t\t<\/div>\n\t\t\t\t\t\t\t<\/div>\n\t\t<\/section>\n\t\t\t\t<section class=\"elementor-section elementor-top-section elementor-element elementor-element-366dbe09 elementor-section-boxed elementor-section-height-default elementor-section-height-default\" data-id=\"366dbe09\" data-element_type=\"section\">\n\t\t\t\t\t\t<div class=\"elementor-container elementor-column-gap-default\">\n\t\t\t\t\t<div class=\"elementor-column elementor-col-100 elementor-top-column elementor-element elementor-element-4b1a1930\" data-id=\"4b1a1930\" data-element_type=\"column\">\n\t\t\t<div class=\"elementor-widget-wrap elementor-element-populated\">\n\t\t\t\t\t\t\t\t<div class=\"elementor-element elementor-element-6af84593 elementor-widget elementor-widget-spacer\" data-id=\"6af84593\" data-element_type=\"widget\" data-widget_type=\"spacer.default\">\n\t\t\t\t<div class=\"elementor-widget-container\">\n\t\t\t\t\t<div class=\"elementor-spacer\">\n\t\t\t<div class=\"elementor-spacer-inner\"><\/div>\n\t\t<\/div>\n\t\t\t\t<\/div>\n\t\t\t\t<\/div>\n\t\t\t\t<div class=\"elementor-element elementor-element-5f2ac01 elementor-widget elementor-widget-heading\" data-id=\"5f2ac01\" data-element_type=\"widget\" data-widget_type=\"heading.default\">\n\t\t\t\t<div class=\"elementor-widget-container\">\n\t\t\t<h3 class=\"elementor-heading-title elementor-size-default\">Foire aux questions<\/h3>\t\t<\/div>\n\t\t\t\t<\/div>\n\t\t\t\t\t<\/div>\n\t\t<\/div>\n\t\t\t\t\t\t\t<\/div>\n\t\t<\/section>\n\t\t\t\t<section class=\"elementor-section elementor-top-section elementor-element elementor-element-13123786 elementor-section-boxed elementor-section-height-default elementor-section-height-default\" data-id=\"13123786\" data-element_type=\"section\">\n\t\t\t\t\t\t<div class=\"elementor-container elementor-column-gap-default\">\n\t\t\t\t\t<div class=\"elementor-column elementor-col-100 elementor-top-column elementor-element elementor-element-6f525586\" data-id=\"6f525586\" data-element_type=\"column\">\n\t\t\t<div class=\"elementor-widget-wrap elementor-element-populated\">\n\t\t\t\t\t\t\t\t<div class=\"elementor-element elementor-element-78418d59 elementor-widget elementor-widget-heading\" data-id=\"78418d59\" data-element_type=\"widget\" data-widget_type=\"heading.default\">\n\t\t\t\t<div class=\"elementor-widget-container\">\n\t\t\t<h4 class=\"elementor-heading-title elementor-size-default\">\u00c0 quel \u00e2ge commencer l'harmonica ?<\/h4>\t\t<\/div>\n\t\t\t\t<\/div>\n\t\t\t\t<div class=\"elementor-element elementor-element-59bbba3 elementor-widget elementor-widget-text-editor\" data-id=\"59bbba3\" data-element_type=\"widget\" data-widget_type=\"text-editor.default\">\n\t\t\t\t<div class=\"elementor-widget-container\">\n\t\t\t\t\t\t\t<p>L\u2019harmonica a cette particularit\u00e9 de pouvoir produire des accords parfaits d\u2019un simple souffle : il est tr\u00e8s facile d\u2019en jouer pour les d\u00e9butants. Au-del\u00e0 d\u2019un \u00e9veil musical, qui peut se faire avec cet instrument d\u00e8s 4-5 ans, sa v\u00e9ritable pratique (qui n\u00e9cessite de la motivation) peut commencer d\u00e8s 6-7 ans. Sans limite pour les adultes.<\/p>\t\t\t\t\t\t<\/div>\n\t\t\t\t<\/div>\n\t\t\t\t\t<\/div>\n\t\t<\/div>\n\t\t\t\t\t\t\t<\/div>\n\t\t<\/section>\n\t\t\t\t<section class=\"elementor-section elementor-top-section elementor-element elementor-element-6b9ed4ad elementor-section-boxed elementor-section-height-default elementor-section-height-default\" data-id=\"6b9ed4ad\" data-element_type=\"section\">\n\t\t\t\t\t\t<div class=\"elementor-container elementor-column-gap-default\">\n\t\t\t\t\t<div class=\"elementor-column elementor-col-100 elementor-top-column elementor-element elementor-element-40b30a2c\" data-id=\"40b30a2c\" data-element_type=\"column\">\n\t\t\t<div class=\"elementor-widget-wrap elementor-element-populated\">\n\t\t\t\t\t\t\t\t<div class=\"elementor-element elementor-element-1f3f417b elementor-widget elementor-widget-heading\" data-id=\"1f3f417b\" data-element_type=\"widget\" data-widget_type=\"heading.default\">\n\t\t\t\t<div class=\"elementor-widget-container\">\n\t\t\t<h4 class=\"elementor-heading-title elementor-size-default\">Quel harmonica choisir ?<\/h4>\t\t<\/div>\n\t\t\t\t<\/div>\n\t\t\t\t<div class=\"elementor-element elementor-element-510203a3 elementor-widget elementor-widget-text-editor\" data-id=\"510203a3\" data-element_type=\"widget\" data-widget_type=\"text-editor.default\">\n\t\t\t\t<div class=\"elementor-widget-container\">\n\t\t\t\t\t\t\t<p>Il existe de nombreux harmonicas, que l\u2019on range globalement en deux cat\u00e9gories\u00a0: les harmonicas diatoniques et les chromatiques. Pour d\u00e9buter, les diatoniques sont de mise, car ils permettent de jouer plus simplement la gamme. Ensuite, il faut choisir la tonalit\u00e9 de l\u2019instrument. Cela d\u00e9pend donc de la tonalit\u00e9 de la musique sur laquelle vous comptez jouer. Si vous accompagnez souvent une guitare par exemple, nous vous conseillons l\u2019harmonica en Sol ou en Mi. A terme, vous en poss\u00e9derez plusieurs\u00a0!<\/p>\t\t\t\t\t\t<\/div>\n\t\t\t\t<\/div>\n\t\t\t\t\t<\/div>\n\t\t<\/div>\n\t\t\t\t\t\t\t<\/div>\n\t\t<\/section>\n\t\t\t\t<section class=\"elementor-section elementor-top-section elementor-element elementor-element-5d165da1 elementor-section-boxed elementor-section-height-default elementor-section-height-default\" data-id=\"5d165da1\" data-element_type=\"section\">\n\t\t\t\t\t\t<div class=\"elementor-container elementor-column-gap-default\">\n\t\t\t\t\t<div class=\"elementor-column elementor-col-100 elementor-top-column elementor-element elementor-element-7b9f41ec\" data-id=\"7b9f41ec\" data-element_type=\"column\">\n\t\t\t<div class=\"elementor-widget-wrap elementor-element-populated\">\n\t\t\t\t\t\t\t\t<div class=\"elementor-element elementor-element-3a5f44ec elementor-widget elementor-widget-heading\" data-id=\"3a5f44ec\" data-element_type=\"widget\" data-widget_type=\"heading.default\">\n\t\t\t\t<div class=\"elementor-widget-container\">\n\t\t\t<h4 class=\"elementor-heading-title elementor-size-default\">Faut-il faire du solf\u00e8ge pour apprendre \u00e0 jouer de l'harmonica ?<\/h4>\t\t<\/div>\n\t\t\t\t<\/div>\n\t\t\t\t<div class=\"elementor-element elementor-element-71d843a9 elementor-widget elementor-widget-text-editor\" data-id=\"71d843a9\" data-element_type=\"widget\" data-widget_type=\"text-editor.default\">\n\t\t\t\t<div class=\"elementor-widget-container\">\n\t\t\t\t\t\t\t<p>A la port\u00e9e de tous, l\u2019harmonica ne requiert pas de conna\u00eetre le solf\u00e8ge pour apprendre \u00e0 en jouer convenablement. Certaines bases de th\u00e9ories musicales (notamment celles qui concernent la tonalit\u00e9) seront suffisantes pour improviser et jouer avec d\u2019autres musiciens.<\/p>\t\t\t\t\t\t<\/div>\n\t\t\t\t<\/div>\n\t\t\t\t\t<\/div>\n\t\t<\/div>\n\t\t\t\t\t\t\t<\/div>\n\t\t<\/section>\n\t\t\t\t<section class=\"elementor-section elementor-top-section elementor-element elementor-element-6517ad39 elementor-section-boxed elementor-section-height-default elementor-section-height-default\" data-id=\"6517ad39\" data-element_type=\"section\">\n\t\t\t\t\t\t<div class=\"elementor-container elementor-column-gap-default\">\n\t\t\t\t\t<div class=\"elementor-column elementor-col-100 elementor-top-column elementor-element elementor-element-99c0f65\" data-id=\"99c0f65\" data-element_type=\"column\">\n\t\t\t<div class=\"elementor-widget-wrap elementor-element-populated\">\n\t\t\t\t\t\t\t\t<div class=\"elementor-element elementor-element-e57451a elementor-widget elementor-widget-spacer\" data-id=\"e57451a\" data-element_type=\"widget\" data-widget_type=\"spacer.default\">\n\t\t\t\t<div class=\"elementor-widget-container\">\n\t\t\t\t\t<div class=\"elementor-spacer\">\n\t\t\t<div class=\"elementor-spacer-inner\"><\/div>\n\t\t<\/div>\n\t\t\t\t<\/div>\n\t\t\t\t<\/div>\n\t\t\t\t<div class=\"elementor-element elementor-element-24921d3f elementor-widget elementor-widget-heading\" data-id=\"24921d3f\" data-element_type=\"widget\" data-widget_type=\"heading.default\">\n\t\t\t\t<div class=\"elementor-widget-container\">\n\t\t\t<h3 class=\"elementor-heading-title elementor-size-default\">Les professeurs d'harmonica chez Unizic :<\/h3>\t\t<\/div>\n\t\t\t\t<\/div>\n\t\t\t\t\t<\/div>\n\t\t<\/div>\n\t\t\t\t\t\t\t<\/div>\n\t\t<\/section>\n\t\t\t\t<section class=\"elementor-section elementor-top-section elementor-element elementor-element-7775b60f elementor-section-boxed elementor-section-height-default elementor-section-height-default\" data-id=\"7775b60f\" data-element_type=\"section\">\n\t\t\t\t\t\t<div class=\"elementor-container elementor-column-gap-default\">\n\t\t\t\t\t<div class=\"elementor-column elementor-col-100 elementor-top-column elementor-element elementor-element-7c895256\" data-id=\"7c895256\" data-element_type=\"column\">\n\t\t\t<div class=\"elementor-widget-wrap elementor-element-populated\">\n\t\t\t\t\t\t\t\t<div class=\"elementor-element elementor-element-14cdb781 elementor-widget elementor-widget-shortcode\" data-id=\"14cdb781\" data-element_type=\"widget\" data-widget_type=\"shortcode.default\">\n\t\t\t\t<div class=\"elementor-widget-container\">\n\t\t\t\t\t<div class=\"elementor-shortcode\"><div style=\"text-align:center;margin-bottom:50px\">\n\n            <div style=\"float:left;min-width:250px;width:50%;text-align:center;\">\n            <a href=\"\/teacher\/mario-scillia\">\n                <img decoding=\"async\" style=\"width: 8rem;height: 8rem;border-radius: 50%;box-shadow: 0 .5rem 1rem rgba(0,0,0,.15);\" src=\" https:\/\/api.unizic.com\/uploads\/photos\/c46bc35ef45d93fbad0389013c5c938a55fa8bce_200_200.jpg\" alt=\"Mario Scillia\">\n                <h5 class=\"mb-4\">Mario Scillia<\/h5>\n            <\/a>\n        <\/div>\n        <div style=\"float:left;min-width:250px;width:50%;text-align:center;margin-top:80px;\">\n        <a href=\"https:\/\/app.unizic.com\/find-teacher\/?instrument=harmonica\">\n            <div style=\"display:table-cell;width: 8rem;height: 8rem;border-radius: 50%;box-shadow: 0 .5rem 1rem rgba(0,0,0,.15);background-color: #F8E71C;vertical-align:middle;\"><h5>Trouver le professeur qui vous convient<\/h5><\/div>\n        <\/a>\n    <\/div>\n<\/div><\/div>\n\t\t\t\t<\/div>\n\t\t\t\t<\/div>\n\t\t\t\t<div class=\"elementor-element elementor-element-3b7fa5c4 elementor-widget elementor-widget-spacer\" data-id=\"3b7fa5c4\" data-element_type=\"widget\" data-widget_type=\"spacer.default\">\n\t\t\t\t<div class=\"elementor-widget-container\">\n\t\t\t\t\t<div class=\"elementor-spacer\">\n\t\t\t<div class=\"elementor-spacer-inner\"><\/div>\n\t\t<\/div>\n\t\t\t\t<\/div>\n\t\t\t\t<\/div>\n\t\t\t\t\t<\/div>\n\t\t<\/div>\n\t\t\t\t\t\t\t<\/div>\n\t\t<\/section>\n\t\t\t\t\t\t\t<\/div>\n\t\t","protected":false},"excerpt":{"rendered":"<p>Cours de l&rsquo;harmonica en ligne Familles Cordes Apprendre \u00e0 jouer de l&rsquo;harmonica en ligne Des cours d&rsquo;harmonica en ligne adapt\u00e9s \u00e0 votre niveau et \u00e0 vos envies Il para\u00eet que le pr\u00e9sident Lincoln lui-m\u00eame en jouait. Cr\u00e9\u00e9 au XIX\u00e8me si\u00e8cle en Autriche, l\u2019harmonica est un instrument \u00e0 vent de la famille des bois qui brille [&hellip;]<\/p>\n","protected":false},"author":30,"featured_media":0,"parent":0,"menu_order":0,"comment_status":"closed","ping_status":"closed","template":"elementor_header_footer","meta":[],"folder":[53],"yoast_head":"<!-- This site is optimized with the Yoast SEO plugin v20.12 - https:\/\/yoast.com\/wordpress\/plugins\/seo\/ -->\n<title>Harmonica - Unizic<\/title>\n<meta name=\"robots\" content=\"index, follow, max-snippet:-1, max-image-preview:large, max-video-preview:-1\" \/>\n<link rel=\"canonical\" href=\"https:\/\/unizic.com\/fr\/harmonica\/\" \/>\n<meta property=\"og:locale\" content=\"fr_FR\" \/>\n<meta property=\"og:type\" content=\"article\" \/>\n<meta property=\"og:title\" content=\"Harmonica - Unizic\" \/>\n<meta property=\"og:description\" content=\"Cours de l&rsquo;harmonica en ligne Familles Cordes Apprendre \u00e0 jouer de l&rsquo;harmonica en ligne Des cours d&rsquo;harmonica en ligne adapt\u00e9s \u00e0 votre niveau et \u00e0 vos envies Il para\u00eet que le pr\u00e9sident Lincoln lui-m\u00eame en jouait. Cr\u00e9\u00e9 au XIX\u00e8me si\u00e8cle en Autriche, l\u2019harmonica est un instrument \u00e0 vent de la famille des bois qui brille [&hellip;]\" \/>\n<meta property=\"og:url\" content=\"https:\/\/unizic.com\/fr\/harmonica\/\" \/>\n<meta property=\"og:site_name\" content=\"Unizic\" \/>\n<meta property=\"article:publisher\" content=\"https:\/\/www.facebook.com\/unizic\" \/>\n<meta property=\"article:modified_time\" content=\"2023-05-30T08:45:22+00:00\" \/>\n<meta property=\"og:image\" content=\"https:\/\/unizic.com\/wp-content\/uploads\/2019\/03\/logo_unizic_green.png\" \/>\n\t<meta property=\"og:image:width\" content=\"517\" \/>\n\t<meta property=\"og:image:height\" content=\"362\" \/>\n\t<meta property=\"og:image:type\" content=\"image\/png\" \/>\n<meta name=\"twitter:card\" content=\"summary_large_image\" \/>\n<meta name=\"twitter:label1\" content=\"Est. reading time\" \/>\n\t<meta name=\"twitter:data1\" content=\"3 minutes\" \/>\n<script type=\"application\/ld+json\" class=\"yoast-schema-graph\">{\"@context\":\"https:\/\/schema.org\",\"@graph\":[{\"@type\":\"WebPage\",\"@id\":\"https:\/\/unizic.com\/harmonica\/\",\"url\":\"https:\/\/unizic.com\/harmonica\/\",\"name\":\"Harmonica - Unizic\",\"isPartOf\":{\"@id\":\"https:\/\/unizic.com\/fr\/#website\"},\"datePublished\":\"2023-05-23T12:10:24+00:00\",\"dateModified\":\"2023-05-30T08:45:22+00:00\",\"breadcrumb\":{\"@id\":\"https:\/\/unizic.com\/harmonica\/#breadcrumb\"},\"inLanguage\":\"fr-FR\",\"potentialAction\":[{\"@type\":\"ReadAction\",\"target\":[\"https:\/\/unizic.com\/harmonica\/\"]}]},{\"@type\":\"BreadcrumbList\",\"@id\":\"https:\/\/unizic.com\/harmonica\/#breadcrumb\",\"itemListElement\":[{\"@type\":\"ListItem\",\"position\":1,\"name\":\"Home\",\"item\":\"https:\/\/unizic.com\/\"},{\"@type\":\"ListItem\",\"position\":2,\"name\":\"Harmonica\"}]},{\"@type\":\"WebSite\",\"@id\":\"https:\/\/unizic.com\/fr\/#website\",\"url\":\"https:\/\/unizic.com\/fr\/\",\"name\":\"Unizic\",\"description\":\"La premi\u00e8re communaut\u00e9 de musiciens d\u00e9di\u00e9e \u00e0 l\u2019apprentissage de la musique !\",\"potentialAction\":[{\"@type\":\"SearchAction\",\"target\":{\"@type\":\"EntryPoint\",\"urlTemplate\":\"https:\/\/unizic.com\/fr\/?s={search_term_string}\"},\"query-input\":\"required name=search_term_string\"}],\"inLanguage\":\"fr-FR\"}]}<\/script>\n<!-- \/ Yoast SEO plugin. -->","yoast_head_json":{"title":"Harmonica - Unizic","robots":{"index":"index","follow":"follow","max-snippet":"max-snippet:-1","max-image-preview":"max-image-preview:large","max-video-preview":"max-video-preview:-1"},"canonical":"https:\/\/unizic.com\/fr\/harmonica\/","og_locale":"fr_FR","og_type":"article","og_title":"Harmonica - Unizic","og_description":"Cours de l&rsquo;harmonica en ligne Familles Cordes Apprendre \u00e0 jouer de l&rsquo;harmonica en ligne Des cours d&rsquo;harmonica en ligne adapt\u00e9s \u00e0 votre niveau et \u00e0 vos envies Il para\u00eet que le pr\u00e9sident Lincoln lui-m\u00eame en jouait. Cr\u00e9\u00e9 au XIX\u00e8me si\u00e8cle en Autriche, l\u2019harmonica est un instrument \u00e0 vent de la famille des bois qui brille [&hellip;]","og_url":"https:\/\/unizic.com\/fr\/harmonica\/","og_site_name":"Unizic","article_publisher":"https:\/\/www.facebook.com\/unizic","article_modified_time":"2023-05-30T08:45:22+00:00","og_image":[{"width":517,"height":362,"url":"https:\/\/unizic.com\/wp-content\/uploads\/2019\/03\/logo_unizic_green.png","type":"image\/png"}],"twitter_card":"summary_large_image","twitter_misc":{"Est. reading time":"3 minutes"},"schema":{"@context":"https:\/\/schema.org","@graph":[{"@type":"WebPage","@id":"https:\/\/unizic.com\/harmonica\/","url":"https:\/\/unizic.com\/harmonica\/","name":"Harmonica - Unizic","isPartOf":{"@id":"https:\/\/unizic.com\/fr\/#website"},"datePublished":"2023-05-23T12:10:24+00:00","dateModified":"2023-05-30T08:45:22+00:00","breadcrumb":{"@id":"https:\/\/unizic.com\/harmonica\/#breadcrumb"},"inLanguage":"fr-FR","potentialAction":[{"@type":"ReadAction","target":["https:\/\/unizic.com\/harmonica\/"]}]},{"@type":"BreadcrumbList","@id":"https:\/\/unizic.com\/harmonica\/#breadcrumb","itemListElement":[{"@type":"ListItem","position":1,"name":"Home","item":"https:\/\/unizic.com\/"},{"@type":"ListItem","position":2,"name":"Harmonica"}]},{"@type":"WebSite","@id":"https:\/\/unizic.com\/fr\/#website","url":"https:\/\/unizic.com\/fr\/","name":"Unizic","description":"La premi\u00e8re communaut\u00e9 de musiciens d\u00e9di\u00e9e \u00e0 l\u2019apprentissage de la musique !","potentialAction":[{"@type":"SearchAction","target":{"@type":"EntryPoint","urlTemplate":"https:\/\/unizic.com\/fr\/?s={search_term_string}"},"query-input":"required name=search_term_string"}],"inLanguage":"fr-FR"}]}},"_links":{"self":[{"href":"https:\/\/unizic.com\/fr\/wp-json\/wp\/v2\/pages\/3800"}],"collection":[{"href":"https:\/\/unizic.com\/fr\/wp-json\/wp\/v2\/pages"}],"about":[{"href":"https:\/\/unizic.com\/fr\/wp-json\/wp\/v2\/types\/page"}],"author":[{"embeddable":true,"href":"https:\/\/unizic.com\/fr\/wp-json\/wp\/v2\/users\/30"}],"replies":[{"embeddable":true,"href":"https:\/\/unizic.com\/fr\/wp-json\/wp\/v2\/comments?post=3800"}],"version-history":[{"count":15,"href":"https:\/\/unizic.com\/fr\/wp-json\/wp\/v2\/pages\/3800\/revisions"}],"predecessor-version":[{"id":4161,"href":"https:\/\/unizic.com\/fr\/wp-json\/wp\/v2\/pages\/3800\/revisions\/4161"}],"wp:attachment":[{"href":"https:\/\/unizic.com\/fr\/wp-json\/wp\/v2\/media?parent=3800"}],"wp:term":[{"taxonomy":"folder","embeddable":true,"href":"https:\/\/unizic.com\/fr\/wp-json\/wp\/v2\/folder?post=3800"}],"curies":[{"name":"wp","href":"https:\/\/api.w.org\/{rel}","templated":true}]}}