{"id":4076,"date":"2023-05-25T09:47:21","date_gmt":"2023-05-25T07:47:21","guid":{"rendered":"https:\/\/unizic.com\/?page_id=4076"},"modified":"2024-04-15T18:09:46","modified_gmt":"2024-04-15T16:09:46","slug":"hautbois","status":"publish","type":"page","link":"https:\/\/unizic.com\/fr\/hautbois\/","title":{"rendered":"Hautbois"},"content":{"rendered":"\t\t<div data-elementor-type=\"wp-page\" data-elementor-id=\"4076\" class=\"elementor elementor-4076\">\n\t\t\t\t\t\t\t\t\t<section class=\"elementor-section elementor-top-section elementor-element elementor-element-3c1adcde elementor-section-boxed elementor-section-height-default elementor-section-height-default\" data-id=\"3c1adcde\" data-element_type=\"section\">\n\t\t\t\t\t\t<div class=\"elementor-container elementor-column-gap-default\">\n\t\t\t\t\t<div class=\"elementor-column elementor-col-100 elementor-top-column elementor-element elementor-element-3fdcfc8a\" data-id=\"3fdcfc8a\" data-element_type=\"column\">\n\t\t\t<div class=\"elementor-widget-wrap elementor-element-populated\">\n\t\t\t\t\t\t\t\t<div class=\"elementor-element elementor-element-e952249 elementor-widget elementor-widget-spacer\" data-id=\"e952249\" data-element_type=\"widget\" data-widget_type=\"spacer.default\">\n\t\t\t\t<div class=\"elementor-widget-container\">\n\t\t\t\t\t<div class=\"elementor-spacer\">\n\t\t\t<div class=\"elementor-spacer-inner\"><\/div>\n\t\t<\/div>\n\t\t\t\t<\/div>\n\t\t\t\t<\/div>\n\t\t\t\t<div class=\"elementor-element elementor-element-284c3cc2 elementor-widget elementor-widget-heading\" data-id=\"284c3cc2\" data-element_type=\"widget\" data-widget_type=\"heading.default\">\n\t\t\t\t<div class=\"elementor-widget-container\">\n\t\t\t<h1 class=\"elementor-heading-title elementor-size-default\">Cours de hautbois en ligne<\/h1>\t\t<\/div>\n\t\t\t\t<\/div>\n\t\t\t\t\t<\/div>\n\t\t<\/div>\n\t\t\t\t\t\t\t<\/div>\n\t\t<\/section>\n\t\t\t\t<section class=\"elementor-section elementor-top-section elementor-element elementor-element-43bda7fa elementor-section-boxed elementor-section-height-default elementor-section-height-default\" data-id=\"43bda7fa\" data-element_type=\"section\">\n\t\t\t\t\t\t<div class=\"elementor-container elementor-column-gap-default\">\n\t\t\t\t\t<div class=\"elementor-column elementor-col-100 elementor-top-column elementor-element elementor-element-5859d785\" data-id=\"5859d785\" data-element_type=\"column\">\n\t\t\t<div class=\"elementor-widget-wrap elementor-element-populated\">\n\t\t\t\t\t\t\t\t<div class=\"elementor-element elementor-element-495cc251 elementor-widget elementor-widget-text-editor\" data-id=\"495cc251\" data-element_type=\"widget\" data-widget_type=\"text-editor.default\">\n\t\t\t\t<div class=\"elementor-widget-container\">\n\t\t\t\t\t\t\t<p><strong>Familles<\/strong><\/p>\n<p>Vents<\/p>\t\t\t\t\t\t<\/div>\n\t\t\t\t<\/div>\n\t\t\t\t\t<\/div>\n\t\t<\/div>\n\t\t\t\t\t\t\t<\/div>\n\t\t<\/section>\n\t\t\t\t<section class=\"elementor-section elementor-top-section elementor-element elementor-element-2922cfa8 elementor-section-boxed elementor-section-height-default elementor-section-height-default\" data-id=\"2922cfa8\" data-element_type=\"section\">\n\t\t\t\t\t\t<div class=\"elementor-container elementor-column-gap-default\">\n\t\t\t\t\t<div class=\"elementor-column elementor-col-100 elementor-top-column elementor-element elementor-element-190d091c\" data-id=\"190d091c\" data-element_type=\"column\">\n\t\t\t<div class=\"elementor-widget-wrap elementor-element-populated\">\n\t\t\t\t\t\t\t\t<div class=\"elementor-element elementor-element-470b8d20 elementor-widget elementor-widget-heading\" data-id=\"470b8d20\" data-element_type=\"widget\" data-widget_type=\"heading.default\">\n\t\t\t\t<div class=\"elementor-widget-container\">\n\t\t\t<h2 class=\"elementor-heading-title elementor-size-default\">Apprendre \u00e0 jouer du hautbois en ligne<\/h2>\t\t<\/div>\n\t\t\t\t<\/div>\n\t\t\t\t\t<\/div>\n\t\t<\/div>\n\t\t\t\t\t\t\t<\/div>\n\t\t<\/section>\n\t\t\t\t<section class=\"elementor-section elementor-top-section elementor-element elementor-element-681947f7 elementor-section-boxed elementor-section-height-default elementor-section-height-default\" data-id=\"681947f7\" data-element_type=\"section\">\n\t\t\t\t\t\t<div class=\"elementor-container elementor-column-gap-default\">\n\t\t\t\t\t<div class=\"elementor-column elementor-col-100 elementor-top-column elementor-element elementor-element-5add8c99\" data-id=\"5add8c99\" data-element_type=\"column\">\n\t\t\t<div class=\"elementor-widget-wrap elementor-element-populated\">\n\t\t\t\t\t\t\t\t<div class=\"elementor-element elementor-element-44c0ac29 elementor-widget elementor-widget-heading\" data-id=\"44c0ac29\" data-element_type=\"widget\" data-widget_type=\"heading.default\">\n\t\t\t\t<div class=\"elementor-widget-container\">\n\t\t\t<h3 class=\"elementor-heading-title elementor-size-default\">Des cours de hautbois en ligne adapt\u00e9s \u00e0 votre niveau et \u00e0 vos envies.<\/h3>\t\t<\/div>\n\t\t\t\t<\/div>\n\t\t\t\t<div class=\"elementor-element elementor-element-295c69fb elementor-widget elementor-widget-text-editor\" data-id=\"295c69fb\" data-element_type=\"widget\" data-widget_type=\"text-editor.default\">\n\t\t\t\t<div class=\"elementor-widget-container\">\n\t\t\t\t\t\t\t<p><span style=\"font-weight: 400;\">Il est celui qui donne le <\/span><i><span style=\"font-weight: 400;\">la<\/span><\/i><span style=\"font-weight: 400;\"> dans les orchestres symphoniques. Le hautbois est un instrument \u00e0 vent de la famille des bois qui a \u00e9t\u00e9 invent\u00e9 au XVII\u00e8me si\u00e8cle en France \u00e0 partir de la bombarde folklorique pour convenir \u00e0 la cour du roi Louis XIV. Avec le cor, le hautbois est consid\u00e9r\u00e9 comme l\u2019un des instruments les plus difficiles \u00e0 jouer qui soit.<\/span><\/p>\t\t\t\t\t\t<\/div>\n\t\t\t\t<\/div>\n\t\t\t\t\t<\/div>\n\t\t<\/div>\n\t\t\t\t\t\t\t<\/div>\n\t\t<\/section>\n\t\t\t\t<section class=\"elementor-section elementor-top-section elementor-element elementor-element-17598241 elementor-section-boxed elementor-section-height-default elementor-section-height-default\" data-id=\"17598241\" data-element_type=\"section\">\n\t\t\t\t\t\t<div class=\"elementor-container elementor-column-gap-default\">\n\t\t\t\t\t<div class=\"elementor-column elementor-col-100 elementor-top-column elementor-element elementor-element-2c9c5ab3\" data-id=\"2c9c5ab3\" data-element_type=\"column\">\n\t\t\t<div class=\"elementor-widget-wrap elementor-element-populated\">\n\t\t\t\t\t\t\t\t<div class=\"elementor-element elementor-element-573ea4a2 elementor-widget elementor-widget-heading\" data-id=\"573ea4a2\" data-element_type=\"widget\" data-widget_type=\"heading.default\">\n\t\t\t\t<div class=\"elementor-widget-container\">\n\t\t\t<h4 class=\"elementor-heading-title elementor-size-default\">D\u00e9butants en hautbois : <\/h4>\t\t<\/div>\n\t\t\t\t<\/div>\n\t\t\t\t<div class=\"elementor-element elementor-element-7f96959d elementor-widget elementor-widget-text-editor\" data-id=\"7f96959d\" data-element_type=\"widget\" data-widget_type=\"text-editor.default\">\n\t\t\t\t<div class=\"elementor-widget-container\">\n\t\t\t\t\t\t\t<p>\u00a0 <span style=\"font-weight: 400;\">C\u2019est une entreprise difficile que de commencer le hautbois. Nos professeurs s\u2019efforceront de vous expliquer dans le d\u00e9tail et avec la p\u00e9dagogie qui s\u2019impose comment d\u00e9passer les difficult\u00e9s de d\u00e9part et devenir ma\u00eetre de cet instrument.<\/span><\/p>\t\t\t\t\t\t<\/div>\n\t\t\t\t<\/div>\n\t\t\t\t\t<\/div>\n\t\t<\/div>\n\t\t\t\t\t\t\t<\/div>\n\t\t<\/section>\n\t\t\t\t<section class=\"elementor-section elementor-top-section elementor-element elementor-element-530beb98 elementor-section-boxed elementor-section-height-default elementor-section-height-default\" data-id=\"530beb98\" data-element_type=\"section\">\n\t\t\t\t\t\t<div class=\"elementor-container elementor-column-gap-default\">\n\t\t\t\t\t<div class=\"elementor-column elementor-col-100 elementor-top-column elementor-element elementor-element-6f02790f\" data-id=\"6f02790f\" data-element_type=\"column\">\n\t\t\t<div class=\"elementor-widget-wrap elementor-element-populated\">\n\t\t\t\t\t\t\t\t<div class=\"elementor-element elementor-element-655104ef elementor-widget elementor-widget-heading\" data-id=\"655104ef\" data-element_type=\"widget\" data-widget_type=\"heading.default\">\n\t\t\t\t<div class=\"elementor-widget-container\">\n\t\t\t<h4 class=\"elementor-heading-title elementor-size-default\">Progresser en hautbois : <\/h4>\t\t<\/div>\n\t\t\t\t<\/div>\n\t\t\t\t<div class=\"elementor-element elementor-element-72f6feb7 elementor-widget elementor-widget-text-editor\" data-id=\"72f6feb7\" data-element_type=\"widget\" data-widget_type=\"text-editor.default\">\n\t\t\t\t<div class=\"elementor-widget-container\">\n\t\t\t\t\t\t\t<p>\u00a0 \u00a0<span style=\"font-weight: 400;\">Qui dit instrument difficile, dit la n\u00e9cessit\u00e9 de disposer de cours suivis de qualit\u00e9. Les professeurs de hautbois d\u2019Unizic vous pr\u00e9senteront les techniques les plus avanc\u00e9es.<\/span><\/p>\t\t\t\t\t\t<\/div>\n\t\t\t\t<\/div>\n\t\t\t\t\t<\/div>\n\t\t<\/div>\n\t\t\t\t\t\t\t<\/div>\n\t\t<\/section>\n\t\t\t\t<section class=\"elementor-section elementor-top-section elementor-element elementor-element-591a7287 elementor-section-boxed elementor-section-height-default elementor-section-height-default\" data-id=\"591a7287\" data-element_type=\"section\">\n\t\t\t\t\t\t<div class=\"elementor-container elementor-column-gap-default\">\n\t\t\t\t\t<div class=\"elementor-column elementor-col-100 elementor-top-column elementor-element elementor-element-1b4045d4\" data-id=\"1b4045d4\" data-element_type=\"column\">\n\t\t\t<div class=\"elementor-widget-wrap elementor-element-populated\">\n\t\t\t\t\t\t\t\t<div class=\"elementor-element elementor-element-251e6de5 elementor-widget elementor-widget-spacer\" data-id=\"251e6de5\" data-element_type=\"widget\" data-widget_type=\"spacer.default\">\n\t\t\t\t<div class=\"elementor-widget-container\">\n\t\t\t\t\t<div class=\"elementor-spacer\">\n\t\t\t<div class=\"elementor-spacer-inner\"><\/div>\n\t\t<\/div>\n\t\t\t\t<\/div>\n\t\t\t\t<\/div>\n\t\t\t\t<div class=\"elementor-element elementor-element-466c76dc elementor-widget elementor-widget-heading\" data-id=\"466c76dc\" data-element_type=\"widget\" data-widget_type=\"heading.default\">\n\t\t\t\t<div class=\"elementor-widget-container\">\n\t\t\t<h3 class=\"elementor-heading-title elementor-size-default\">Foire aux questions<\/h3>\t\t<\/div>\n\t\t\t\t<\/div>\n\t\t\t\t\t<\/div>\n\t\t<\/div>\n\t\t\t\t\t\t\t<\/div>\n\t\t<\/section>\n\t\t\t\t<section class=\"elementor-section elementor-top-section elementor-element elementor-element-64b85f60 elementor-section-boxed elementor-section-height-default elementor-section-height-default\" data-id=\"64b85f60\" data-element_type=\"section\">\n\t\t\t\t\t\t<div class=\"elementor-container elementor-column-gap-default\">\n\t\t\t\t\t<div class=\"elementor-column elementor-col-100 elementor-top-column elementor-element elementor-element-716f2c38\" data-id=\"716f2c38\" data-element_type=\"column\">\n\t\t\t<div class=\"elementor-widget-wrap elementor-element-populated\">\n\t\t\t\t\t\t\t\t<div class=\"elementor-element elementor-element-4b6a56a4 elementor-widget elementor-widget-heading\" data-id=\"4b6a56a4\" data-element_type=\"widget\" data-widget_type=\"heading.default\">\n\t\t\t\t<div class=\"elementor-widget-container\">\n\t\t\t<h4 class=\"elementor-heading-title elementor-size-default\">\u00c0 quel \u00e2ge commencer le hautbois ?<\/h4>\t\t<\/div>\n\t\t\t\t<\/div>\n\t\t\t\t<div class=\"elementor-element elementor-element-1a8b4265 elementor-widget elementor-widget-text-editor\" data-id=\"1a8b4265\" data-element_type=\"widget\" data-widget_type=\"text-editor.default\">\n\t\t\t\t<div class=\"elementor-widget-container\">\n\t\t\t\t\t\t\t<p><span style=\"font-weight: 400;\">Instrument \u00e0 hanches doubles, le hautbois ne se laisse pas domestiquer d\u00e8s le premier souffle. Il convient de commencer son apprentissage plut\u00f4t tardivement, vers 9-10 ans. Quant aux adultes, l\u2019\u00e2ge est n\u00e9gligeable une fois correctement ma\u00eetris\u00e9e la mani\u00e8re de souffler.<\/span><\/p>\t\t\t\t\t\t<\/div>\n\t\t\t\t<\/div>\n\t\t\t\t\t<\/div>\n\t\t<\/div>\n\t\t\t\t\t\t\t<\/div>\n\t\t<\/section>\n\t\t\t\t<section class=\"elementor-section elementor-top-section elementor-element elementor-element-2456e445 elementor-section-boxed elementor-section-height-default elementor-section-height-default\" data-id=\"2456e445\" data-element_type=\"section\">\n\t\t\t\t\t\t<div class=\"elementor-container elementor-column-gap-default\">\n\t\t\t\t\t<div class=\"elementor-column elementor-col-100 elementor-top-column elementor-element elementor-element-48f4e186\" data-id=\"48f4e186\" data-element_type=\"column\">\n\t\t\t<div class=\"elementor-widget-wrap elementor-element-populated\">\n\t\t\t\t\t\t\t\t<div class=\"elementor-element elementor-element-55b352c8 elementor-widget elementor-widget-heading\" data-id=\"55b352c8\" data-element_type=\"widget\" data-widget_type=\"heading.default\">\n\t\t\t\t<div class=\"elementor-widget-container\">\n\t\t\t<h4 class=\"elementor-heading-title elementor-size-default\">Faut-il avoir d\u00e9j\u00e0 fait de la musique pour commencer le hautbois ?<\/h4>\t\t<\/div>\n\t\t\t\t<\/div>\n\t\t\t\t<div class=\"elementor-element elementor-element-68ba7b2b elementor-widget elementor-widget-text-editor\" data-id=\"68ba7b2b\" data-element_type=\"widget\" data-widget_type=\"text-editor.default\">\n\t\t\t\t<div class=\"elementor-widget-container\">\n\t\t\t\t\t\t\t<p><span style=\"font-weight: 400;\">Ce n\u2019est pas un imp\u00e9ratif. Le hautbois poss\u00e8de des techniques qui lui sont propres, et dispose d\u2019un grand r\u00e9pertoire, suffisamment pour y trouver du plaisir et une motivation suffisante.<\/span><\/p>\t\t\t\t\t\t<\/div>\n\t\t\t\t<\/div>\n\t\t\t\t\t<\/div>\n\t\t<\/div>\n\t\t\t\t\t\t\t<\/div>\n\t\t<\/section>\n\t\t\t\t<section class=\"elementor-section elementor-top-section elementor-element elementor-element-7d1b4cbd elementor-section-boxed elementor-section-height-default elementor-section-height-default\" data-id=\"7d1b4cbd\" data-element_type=\"section\">\n\t\t\t\t\t\t<div class=\"elementor-container elementor-column-gap-default\">\n\t\t\t\t\t<div class=\"elementor-column elementor-col-100 elementor-top-column elementor-element elementor-element-5851b8e\" data-id=\"5851b8e\" data-element_type=\"column\">\n\t\t\t<div class=\"elementor-widget-wrap elementor-element-populated\">\n\t\t\t\t\t\t\t\t<div class=\"elementor-element elementor-element-1e5a4345 elementor-widget elementor-widget-heading\" data-id=\"1e5a4345\" data-element_type=\"widget\" data-widget_type=\"heading.default\">\n\t\t\t\t<div class=\"elementor-widget-container\">\n\t\t\t<h4 class=\"elementor-heading-title elementor-size-default\">Faut-il faire du solf\u00e8ge pour apprendre le hautbois ?<\/h4>\t\t<\/div>\n\t\t\t\t<\/div>\n\t\t\t\t<div class=\"elementor-element elementor-element-24a578f9 elementor-widget elementor-widget-text-editor\" data-id=\"24a578f9\" data-element_type=\"widget\" data-widget_type=\"text-editor.default\">\n\t\t\t\t<div class=\"elementor-widget-container\">\n\t\t\t\t\t\t\t<p><span style=\"font-weight: 400;\">Bien entendu, le solf\u00e8ge est tr\u00e8s pr\u00e9cieux pour jouer du hautbois. Vous aurez ainsi acc\u00e8s \u00e0 son large r\u00e9pertoire et pourrez aussi jouer plus facilement avec d\u2019autres musiciens.<\/span><\/p>\t\t\t\t\t\t<\/div>\n\t\t\t\t<\/div>\n\t\t\t\t\t<\/div>\n\t\t<\/div>\n\t\t\t\t\t\t\t<\/div>\n\t\t<\/section>\n\t\t\t\t<section class=\"elementor-section elementor-top-section elementor-element elementor-element-39fb8611 elementor-section-boxed elementor-section-height-default elementor-section-height-default\" data-id=\"39fb8611\" data-element_type=\"section\">\n\t\t\t\t\t\t<div class=\"elementor-container elementor-column-gap-default\">\n\t\t\t\t\t<div class=\"elementor-column elementor-col-100 elementor-top-column elementor-element elementor-element-5751c356\" data-id=\"5751c356\" data-element_type=\"column\">\n\t\t\t<div class=\"elementor-widget-wrap elementor-element-populated\">\n\t\t\t\t\t\t\t\t<div class=\"elementor-element elementor-element-53d32d30 elementor-widget elementor-widget-spacer\" data-id=\"53d32d30\" data-element_type=\"widget\" data-widget_type=\"spacer.default\">\n\t\t\t\t<div class=\"elementor-widget-container\">\n\t\t\t\t\t<div class=\"elementor-spacer\">\n\t\t\t<div class=\"elementor-spacer-inner\"><\/div>\n\t\t<\/div>\n\t\t\t\t<\/div>\n\t\t\t\t<\/div>\n\t\t\t\t<div class=\"elementor-element elementor-element-6bff718d elementor-widget elementor-widget-heading\" data-id=\"6bff718d\" data-element_type=\"widget\" data-widget_type=\"heading.default\">\n\t\t\t\t<div class=\"elementor-widget-container\">\n\t\t\t<h3 class=\"elementor-heading-title elementor-size-default\">Les professeurs de hautbois chez Unizic <\/h3>\t\t<\/div>\n\t\t\t\t<\/div>\n\t\t\t\t\t<\/div>\n\t\t<\/div>\n\t\t\t\t\t\t\t<\/div>\n\t\t<\/section>\n\t\t\t\t<section class=\"elementor-section elementor-top-section elementor-element elementor-element-198d87fd elementor-section-boxed elementor-section-height-default elementor-section-height-default\" data-id=\"198d87fd\" data-element_type=\"section\">\n\t\t\t\t\t\t<div class=\"elementor-container elementor-column-gap-default\">\n\t\t\t\t\t<div class=\"elementor-column elementor-col-100 elementor-top-column elementor-element elementor-element-512d4302\" data-id=\"512d4302\" data-element_type=\"column\">\n\t\t\t<div class=\"elementor-widget-wrap elementor-element-populated\">\n\t\t\t\t\t\t\t\t<div class=\"elementor-element elementor-element-62b5c9a3 elementor-widget elementor-widget-shortcode\" data-id=\"62b5c9a3\" data-element_type=\"widget\" data-widget_type=\"shortcode.default\">\n\t\t\t\t<div class=\"elementor-widget-container\">\n\t\t\t\t\t<div class=\"elementor-shortcode\"><div style=\"text-align:center;margin-bottom:50px\">\n\n            <div style=\"float:left;min-width:250px;width:50%;text-align:center;\">\n            <a href=\"\/teacher\/marion-sablin\">\n                <img decoding=\"async\" style=\"width: 8rem;height: 8rem;border-radius: 50%;box-shadow: 0 .5rem 1rem rgba(0,0,0,.15);\" src=\" https:\/\/api.unizic.com\/uploads\/photos\/6877d50bea10f_200_200.jpg\" alt=\"Marion Sablin\">\n                <h5 class=\"mb-4\">Marion Sablin<\/h5>\n            <\/a>\n        <\/div>\n        <div style=\"float:left;min-width:250px;width:50%;text-align:center;margin-top:80px;\">\n        <a href=\"https:\/\/app.unizic.com\/find-teacher\/?instrument=oboe\">\n            <div style=\"display:table-cell;width: 8rem;height: 8rem;border-radius: 50%;box-shadow: 0 .5rem 1rem rgba(0,0,0,.15);background-color: #F8E71C;vertical-align:middle;\"><h5>Trouver le professeur qui vous convient<\/h5><\/div>\n        <\/a>\n    <\/div>\n<\/div><\/div>\n\t\t\t\t<\/div>\n\t\t\t\t<\/div>\n\t\t\t\t<div class=\"elementor-element elementor-element-2e116e55 elementor-widget elementor-widget-spacer\" data-id=\"2e116e55\" data-element_type=\"widget\" data-widget_type=\"spacer.default\">\n\t\t\t\t<div class=\"elementor-widget-container\">\n\t\t\t\t\t<div class=\"elementor-spacer\">\n\t\t\t<div class=\"elementor-spacer-inner\"><\/div>\n\t\t<\/div>\n\t\t\t\t<\/div>\n\t\t\t\t<\/div>\n\t\t\t\t\t<\/div>\n\t\t<\/div>\n\t\t\t\t\t\t\t<\/div>\n\t\t<\/section>\n\t\t\t\t\t\t\t<\/div>\n\t\t","protected":false},"excerpt":{"rendered":"<p>Cours de hautbois en ligne Familles Vents Apprendre \u00e0 jouer du hautbois en ligne Des cours de hautbois en ligne adapt\u00e9s \u00e0 votre niveau et \u00e0 vos envies. Il est celui qui donne le la dans les orchestres symphoniques. Le hautbois est un instrument \u00e0 vent de la famille des bois qui a \u00e9t\u00e9 invent\u00e9 [&hellip;]<\/p>\n","protected":false},"author":30,"featured_media":0,"parent":0,"menu_order":0,"comment_status":"closed","ping_status":"closed","template":"elementor_header_footer","meta":[],"folder":[],"yoast_head":"<!-- This site is optimized with the Yoast SEO plugin v20.12 - https:\/\/yoast.com\/wordpress\/plugins\/seo\/ -->\n<title>Hautbois - Unizic<\/title>\n<meta name=\"robots\" content=\"index, follow, max-snippet:-1, max-image-preview:large, max-video-preview:-1\" \/>\n<link rel=\"canonical\" href=\"https:\/\/unizic.com\/fr\/hautbois\/\" \/>\n<meta property=\"og:locale\" content=\"fr_FR\" \/>\n<meta property=\"og:type\" content=\"article\" \/>\n<meta property=\"og:title\" content=\"Hautbois - Unizic\" \/>\n<meta property=\"og:description\" content=\"Cours de hautbois en ligne Familles Vents Apprendre \u00e0 jouer du hautbois en ligne Des cours de hautbois en ligne adapt\u00e9s \u00e0 votre niveau et \u00e0 vos envies. Il est celui qui donne le la dans les orchestres symphoniques. Le hautbois est un instrument \u00e0 vent de la famille des bois qui a \u00e9t\u00e9 invent\u00e9 [&hellip;]\" \/>\n<meta property=\"og:url\" content=\"https:\/\/unizic.com\/fr\/hautbois\/\" \/>\n<meta property=\"og:site_name\" content=\"Unizic\" \/>\n<meta property=\"article:publisher\" content=\"https:\/\/www.facebook.com\/unizic\" \/>\n<meta property=\"article:modified_time\" content=\"2024-04-15T16:09:46+00:00\" \/>\n<meta property=\"og:image\" content=\"https:\/\/unizic.com\/wp-content\/uploads\/2019\/03\/logo_unizic_green.png\" \/>\n\t<meta property=\"og:image:width\" content=\"517\" \/>\n\t<meta property=\"og:image:height\" content=\"362\" \/>\n\t<meta property=\"og:image:type\" content=\"image\/png\" \/>\n<meta name=\"twitter:card\" content=\"summary_large_image\" \/>\n<meta name=\"twitter:label1\" content=\"Est. reading time\" \/>\n\t<meta name=\"twitter:data1\" content=\"2 minutes\" \/>\n<script type=\"application\/ld+json\" class=\"yoast-schema-graph\">{\"@context\":\"https:\/\/schema.org\",\"@graph\":[{\"@type\":\"WebPage\",\"@id\":\"https:\/\/unizic.com\/fr\/hautbois\/\",\"url\":\"https:\/\/unizic.com\/fr\/hautbois\/\",\"name\":\"Hautbois - Unizic\",\"isPartOf\":{\"@id\":\"https:\/\/unizic.com\/fr\/#website\"},\"datePublished\":\"2023-05-25T07:47:21+00:00\",\"dateModified\":\"2024-04-15T16:09:46+00:00\",\"breadcrumb\":{\"@id\":\"https:\/\/unizic.com\/fr\/hautbois\/#breadcrumb\"},\"inLanguage\":\"fr-FR\",\"potentialAction\":[{\"@type\":\"ReadAction\",\"target\":[\"https:\/\/unizic.com\/fr\/hautbois\/\"]}]},{\"@type\":\"BreadcrumbList\",\"@id\":\"https:\/\/unizic.com\/fr\/hautbois\/#breadcrumb\",\"itemListElement\":[{\"@type\":\"ListItem\",\"position\":1,\"name\":\"Home\",\"item\":\"https:\/\/unizic.com\/\"},{\"@type\":\"ListItem\",\"position\":2,\"name\":\"Hautbois\"}]},{\"@type\":\"WebSite\",\"@id\":\"https:\/\/unizic.com\/fr\/#website\",\"url\":\"https:\/\/unizic.com\/fr\/\",\"name\":\"Unizic\",\"description\":\"La premi\u00e8re communaut\u00e9 de musiciens d\u00e9di\u00e9e \u00e0 l\u2019apprentissage de la musique !\",\"potentialAction\":[{\"@type\":\"SearchAction\",\"target\":{\"@type\":\"EntryPoint\",\"urlTemplate\":\"https:\/\/unizic.com\/fr\/?s={search_term_string}\"},\"query-input\":\"required name=search_term_string\"}],\"inLanguage\":\"fr-FR\"}]}<\/script>\n<!-- \/ Yoast SEO plugin. -->","yoast_head_json":{"title":"Hautbois - Unizic","robots":{"index":"index","follow":"follow","max-snippet":"max-snippet:-1","max-image-preview":"max-image-preview:large","max-video-preview":"max-video-preview:-1"},"canonical":"https:\/\/unizic.com\/fr\/hautbois\/","og_locale":"fr_FR","og_type":"article","og_title":"Hautbois - Unizic","og_description":"Cours de hautbois en ligne Familles Vents Apprendre \u00e0 jouer du hautbois en ligne Des cours de hautbois en ligne adapt\u00e9s \u00e0 votre niveau et \u00e0 vos envies. Il est celui qui donne le la dans les orchestres symphoniques. Le hautbois est un instrument \u00e0 vent de la famille des bois qui a \u00e9t\u00e9 invent\u00e9 [&hellip;]","og_url":"https:\/\/unizic.com\/fr\/hautbois\/","og_site_name":"Unizic","article_publisher":"https:\/\/www.facebook.com\/unizic","article_modified_time":"2024-04-15T16:09:46+00:00","og_image":[{"width":517,"height":362,"url":"https:\/\/unizic.com\/wp-content\/uploads\/2019\/03\/logo_unizic_green.png","type":"image\/png"}],"twitter_card":"summary_large_image","twitter_misc":{"Est. reading time":"2 minutes"},"schema":{"@context":"https:\/\/schema.org","@graph":[{"@type":"WebPage","@id":"https:\/\/unizic.com\/fr\/hautbois\/","url":"https:\/\/unizic.com\/fr\/hautbois\/","name":"Hautbois - Unizic","isPartOf":{"@id":"https:\/\/unizic.com\/fr\/#website"},"datePublished":"2023-05-25T07:47:21+00:00","dateModified":"2024-04-15T16:09:46+00:00","breadcrumb":{"@id":"https:\/\/unizic.com\/fr\/hautbois\/#breadcrumb"},"inLanguage":"fr-FR","potentialAction":[{"@type":"ReadAction","target":["https:\/\/unizic.com\/fr\/hautbois\/"]}]},{"@type":"BreadcrumbList","@id":"https:\/\/unizic.com\/fr\/hautbois\/#breadcrumb","itemListElement":[{"@type":"ListItem","position":1,"name":"Home","item":"https:\/\/unizic.com\/"},{"@type":"ListItem","position":2,"name":"Hautbois"}]},{"@type":"WebSite","@id":"https:\/\/unizic.com\/fr\/#website","url":"https:\/\/unizic.com\/fr\/","name":"Unizic","description":"La premi\u00e8re communaut\u00e9 de musiciens d\u00e9di\u00e9e \u00e0 l\u2019apprentissage de la musique !","potentialAction":[{"@type":"SearchAction","target":{"@type":"EntryPoint","urlTemplate":"https:\/\/unizic.com\/fr\/?s={search_term_string}"},"query-input":"required name=search_term_string"}],"inLanguage":"fr-FR"}]}},"_links":{"self":[{"href":"https:\/\/unizic.com\/fr\/wp-json\/wp\/v2\/pages\/4076"}],"collection":[{"href":"https:\/\/unizic.com\/fr\/wp-json\/wp\/v2\/pages"}],"about":[{"href":"https:\/\/unizic.com\/fr\/wp-json\/wp\/v2\/types\/page"}],"author":[{"embeddable":true,"href":"https:\/\/unizic.com\/fr\/wp-json\/wp\/v2\/users\/30"}],"replies":[{"embeddable":true,"href":"https:\/\/unizic.com\/fr\/wp-json\/wp\/v2\/comments?post=4076"}],"version-history":[{"count":13,"href":"https:\/\/unizic.com\/fr\/wp-json\/wp\/v2\/pages\/4076\/revisions"}],"predecessor-version":[{"id":5962,"href":"https:\/\/unizic.com\/fr\/wp-json\/wp\/v2\/pages\/4076\/revisions\/5962"}],"wp:attachment":[{"href":"https:\/\/unizic.com\/fr\/wp-json\/wp\/v2\/media?parent=4076"}],"wp:term":[{"taxonomy":"folder","embeddable":true,"href":"https:\/\/unizic.com\/fr\/wp-json\/wp\/v2\/folder?post=4076"}],"curies":[{"name":"wp","href":"https:\/\/api.w.org\/{rel}","templated":true}]}}